{"id":6393,"date":"2024-09-29T19:48:23","date_gmt":"2024-09-29T19:48:23","guid":{"rendered":"https:\/\/datacarrot.com\/?page_id=6393"},"modified":"2025-04-09T20:20:01","modified_gmt":"2025-04-09T20:20:01","slug":"imprint","status":"publish","type":"page","link":"https:\/\/www.datacarrot.com\/sl\/imprint\/","title":{"rendered":"Vizitka"},"content":{"rendered":"<div data-elementor-type=\"wp-page\" data-elementor-id=\"6393\" class=\"elementor elementor-6393\">\n\t\t\t\t<div class=\"elementor-element elementor-element-08edbeb e-flex e-con-boxed e-con e-parent\" data-id=\"08edbeb\" data-element_type=\"container\" data-e-type=\"container\">\n\t\t\t\t\t<div class=\"e-con-inner\">\n\t\t\t\t<div class=\"elementor-element elementor-element-f472109 elementor-widget elementor-widget-text-editor\" data-id=\"f472109\" data-element_type=\"widget\" data-e-type=\"widget\" data-widget_type=\"text-editor.default\">\n\t\t\t\t<div class=\"elementor-widget-container\">\n\t\t\t\t\t\t\t\t\t<p>V skladu s \u00a7 5 TMG<\/p><h5>Izdajatelj<\/h5><p>DataCarrot UG<br \/><br \/>Wilmersdorfer Stra\u00dfe 128<br \/>10627, Berlin<br \/>Nem\u010dija<\/p><p>E-Mail: <a href=\"mailto:info@datacarrot.com\">info@datacarrot.com<\/a><br \/>Spletna Stran <a href=\"http:\/\/www.datacarrot.com\/sl\/\">www.datacarrot.com<\/a><\/p><h5><strong>ZASTOPA<\/strong><\/h5><p>Marko Ili\u0107<br \/><br \/><\/p><h5>VPIS V SODNI REGISTER<\/h5><p>Okro\u017eno sodi\u0161\u010de Charlottenburg (Berlin) HRB 200820 B<br \/>DDV-ID: DE323094302<\/p><p>\u00a0<\/p>\t\t\t\t\t\t\t\t<\/div>\n\t\t\t\t<\/div>\n\t\t\t\t\t<\/div>\n\t\t\t\t<\/div>\n\t\t<footer class=\"elementor-element elementor-element-e2c21ef footer dark-mode bg-dark pt-5 pb-4 pb-lg-5 e-flex e-con-boxed e-con e-parent\" data-id=\"e2c21ef\" data-element_type=\"container\" data-e-type=\"container\">\n\t\t\t\t\t<div class=\"e-con-inner\">\n\t\t<div class=\"elementor-element elementor-element-6e0dce3 e-con-full e-flex e-con e-child\" data-id=\"6e0dce3\" data-element_type=\"container\" data-e-type=\"container\">\n\t\t<div class=\"elementor-element elementor-element-2badf34 e-con-full e-flex e-con e-child\" data-id=\"2badf34\" data-element_type=\"container\" data-e-type=\"container\">\n\t\t<div class=\"elementor-element elementor-element-fd1ddf7 col-lg-4 col-md-6 e-con-full e-flex e-con e-child\" data-id=\"fd1ddf7\" data-element_type=\"container\" data-e-type=\"container\">\n\t\t<div class=\"elementor-element elementor-element-03390fa e-con-full e-flex e-con e-child\" data-id=\"03390fa\" data-element_type=\"container\" data-e-type=\"container\">\n\t\t\t\t<div class=\"elementor-element elementor-element-eb6fb42 elementor-widget elementor-widget-image\" data-id=\"eb6fb42\" data-element_type=\"widget\" data-e-type=\"widget\" data-widget_type=\"image.default\">\n\t\t\t\t<div class=\"elementor-widget-container\">\n\t\t\t\t\t\t\t\t\t\t\t\t\t\t\t<img fetchpriority=\"high\" decoding=\"async\" width=\"768\" height=\"146\" src=\"https:\/\/www.datacarrot.com\/wp-content\/uploads\/2024\/10\/logo_footer-768x146.png\" class=\"attachment-medium_large size-medium_large wp-image-6613\" alt=\"\" srcset=\"https:\/\/www.datacarrot.com\/wp-content\/uploads\/2024\/10\/logo_footer-768x146.png 768w, https:\/\/www.datacarrot.com\/wp-content\/uploads\/2024\/10\/logo_footer-300x57.png 300w, https:\/\/www.datacarrot.com\/wp-content\/uploads\/2024\/10\/logo_footer.png 990w\" sizes=\"(max-width: 768px) 100vw, 768px\" \/>\t\t\t\t\t\t\t\t\t\t\t\t\t\t\t<\/div>\n\t\t\t\t<\/div>\n\t\t\t\t<\/div>\n\t\t\t\t<div class=\"elementor-element elementor-element-ed244e0 elementor-widget elementor-widget-highlighted-heading\" data-id=\"ed244e0\" data-element_type=\"widget\" data-e-type=\"widget\" data-widget_type=\"highlighted-heading.default\">\n\t\t\t\t<div class=\"elementor-widget-container\">\n\t\t\t\t\t<p class=\"silicon-elementor-highlighted-heading__title fs-sm pb-lg-3 mb-4 text-light opacity-70\"><span class=\"si-multipurpose-text__before\">Ne glede na to, ali imate \u017ee konkretno idejo ali projekt v mislih ali ne \u2013 vedno i\u0161\u010demo prilo\u017enosti za spoznavanje novih ljudi in razumevanje digitalnih izzivov, s katerimi se soo\u010dajo njihova podjetja, ali tega, kaj \u017eelijo zgraditi v prihodnosti.<\/span><\/p>\t\t\t\t<\/div>\n\t\t\t\t<\/div>\n\t\t\t\t<\/div>\n\t\t<div class=\"elementor-element elementor-element-9d0c653 col-xl-6 col-lg-7 col-md-5 offset-xl-2 offset-md-1 pt-4 pt-md-1 pt-lg-0 e-con-full e-flex e-con e-child\" data-id=\"9d0c653\" data-element_type=\"container\" data-e-type=\"container\">\n\t\t<div class=\"elementor-element elementor-element-898e01f e-con-full e-flex e-con e-child\" data-id=\"898e01f\" data-element_type=\"container\" data-e-type=\"container\">\n\t\t<div class=\"elementor-element elementor-element-f01609c col-lg-4 col-12 e-con-full e-flex e-con e-child\" data-id=\"f01609c\" data-element_type=\"container\" data-e-type=\"container\">\n\t\t\t\t<div class=\"elementor-element elementor-element-0c9997f collapse d-lg-block elementor-widget elementor-widget-si-nav-menu\" data-id=\"0c9997f\" data-element_type=\"widget\" data-e-type=\"widget\" data-bs-parent=\"#footer-links\" data-widget_type=\"si-nav-menu.default\">\n\t\t\t\t<div class=\"elementor-widget-container\">\n\t\t\t\t\t\t\t<ul id=\"menu-1-0c9997f\" class=\"nav flex-column pb-lg-1 mb-lg-3\"><li id=\"menu-item-6278\" class=\"menu-item menu-item-type-custom menu-item-object-custom menu-item-6278  nav-item\"><a href=\"https:\/\/www.datacarrot.com\/sl\/#about-us\" class=\"nav-link d-inline-block px-0 pt-1 pb-2\">O Nas<\/a><\/li>\n<li id=\"menu-item-6291\" class=\"menu-item menu-item-type-custom menu-item-object-custom menu-item-6291  nav-item\"><a href=\"https:\/\/www.datacarrot.com\/sl\/#customers\" class=\"nav-link d-inline-block px-0 pt-1 pb-2\">Stranke<\/a><\/li>\n<li id=\"menu-item-6292\" class=\"menu-item menu-item-type-custom menu-item-object-custom menu-item-6292  nav-item\"><a href=\"https:\/\/www.datacarrot.com\/sl\/#services\" class=\"nav-link d-inline-block px-0 pt-1 pb-2\">Storitve<\/a><\/li>\n<li id=\"menu-item-6293\" class=\"menu-item menu-item-type-custom menu-item-object-custom menu-item-6293  nav-item\"><a href=\"https:\/\/www.datacarrot.com\/sl\/#projects\" class=\"nav-link d-inline-block px-0 pt-1 pb-2\">Projekti<\/a><\/li>\n<\/ul>\t\t\t\t\t\t<\/div>\n\t\t\t\t<\/div>\n\t\t\t\t<\/div>\n\t\t<div class=\"elementor-element elementor-element-e66bc5d col-xl-4 col-lg-5 pt-2 pt-lg-0 col-12 e-con-full e-flex e-con e-child\" data-id=\"e66bc5d\" data-element_type=\"container\" data-e-type=\"container\">\n\t\t\t\t<div class=\"elementor-element elementor-element-a563769 elementor-widget__width-initial elementor-widget elementor-widget-highlighted-heading\" data-id=\"a563769\" data-element_type=\"widget\" data-e-type=\"widget\" data-widget_type=\"highlighted-heading.default\">\n\t\t\t\t<div class=\"elementor-widget-container\">\n\t\t\t\t\t<h6 class=\"silicon-elementor-highlighted-heading__title mb-2\"><span class=\"si-multipurpose-text__before\">Kontakt<\/span><\/h6>\t\t\t\t<\/div>\n\t\t\t\t<\/div>\n\t\t\t\t<div class=\"elementor-element elementor-element-125fb2a elementor-widget__width-initial elementor-widget elementor-widget-highlighted-heading\" data-id=\"125fb2a\" data-element_type=\"widget\" data-e-type=\"widget\" data-widget_type=\"highlighted-heading.default\">\n\t\t\t\t<div class=\"elementor-widget-container\">\n\t\t\t\t\t<div class=\"silicon-elementor-highlighted-heading__title mb-2\"><span class=\"si-multipurpose-text__before\">DataCarrot UG<br><br><\/span><span class=\"silicon-elementor-highlighted-heading__highlighted-text\">Wilmersdorfer Stra\u00dfe 128<br><\/span><span class=\"si-multipurpose-text__before\">10627 Berlin | Germany<\/span><\/div>\t\t\t\t<\/div>\n\t\t\t\t<\/div>\n\t\t\t\t<div class=\"elementor-element elementor-element-798c719 elementor-widget elementor-widget-highlighted-heading\" data-id=\"798c719\" data-element_type=\"widget\" data-e-type=\"widget\" data-widget_type=\"highlighted-heading.default\">\n\t\t\t\t<div class=\"elementor-widget-container\">\n\t\t\t\t\t<span class=\"silicon-elementor-highlighted-heading__title fw-medium fmail\"><a href=\"mailto:info@datacarrot.com\" class=\"text-decoration-none\"><span class=\"si-multipurpose-text__before\">E-Mail: <\/span><span class=\"silicon-elementor-highlighted-heading__highlighted-text\">info@datacarrot.com<\/span><\/a><\/span>\t\t\t\t<\/div>\n\t\t\t\t<\/div>\n\t\t\t\t<div class=\"elementor-element elementor-element-25cb849 elementor-widget elementor-widget-highlighted-heading\" data-id=\"25cb849\" data-element_type=\"widget\" data-e-type=\"widget\" data-widget_type=\"highlighted-heading.default\">\n\t\t\t\t<div class=\"elementor-widget-container\">\n\t\t\t\t\t<span class=\"silicon-elementor-highlighted-heading__title fw-medium\"><a href=\"\/sl\/imprint\/\" class=\"text-decoration-none\"><span class=\"si-multipurpose-text__before\"><br><\/span><span class=\"silicon-elementor-highlighted-heading__highlighted-text\">Vizitka<\/span><\/a><\/span>\t\t\t\t<\/div>\n\t\t\t\t<\/div>\n\t\t\t\t<div class=\"elementor-element elementor-element-ce837d2 elementor-widget elementor-widget-highlighted-heading\" data-id=\"ce837d2\" data-element_type=\"widget\" data-e-type=\"widget\" data-widget_type=\"highlighted-heading.default\">\n\t\t\t\t<div class=\"elementor-widget-container\">\n\t\t\t\t\t<span class=\"silicon-elementor-highlighted-heading__title fw-medium\"><a href=\"\/sl\/privacy-policy\/\" class=\"text-decoration-none\"><span class=\"si-multipurpose-text__before\"><br><\/span><span class=\"silicon-elementor-highlighted-heading__highlighted-text\">Politika Zasebnosti<\/span><\/a><\/span>\t\t\t\t<\/div>\n\t\t\t\t<\/div>\n\t\t\t\t<div class=\"elementor-element elementor-element-5d81268 elementor-shape-square e-grid-align-left elementor-grid-0 elementor-widget elementor-widget-social-icons\" data-id=\"5d81268\" data-element_type=\"widget\" data-e-type=\"widget\" data-widget_type=\"social-icons.default\">\n\t\t\t\t<div class=\"elementor-widget-container\">\n\t\t\t\t\t\t\t<div class=\"elementor-social-icons-wrapper elementor-grid\">\n\t\t\t\t\t\t\t<span class=\"elementor-grid-item\">\n\t\t\t\t\t<a class=\"elementor-icon elementor-social-icon elementor-social-icon-linkedin elementor-repeater-item-4cdf5ac\" href=\"https:\/\/www.linkedin.com\/company\/datacarrot\/\" target=\"_blank\">\n\t\t\t\t\t\t<span class=\"elementor-screen-only\">Linkedin<\/span>\n\t\t\t\t\t\t<svg aria-hidden=\"true\" class=\"e-font-icon-svg e-fab-linkedin\" viewbox=\"0 0 448 512\" xmlns=\"http:\/\/www.w3.org\/2000\/svg\"><path d=\"M416 32H31.9C14.3 32 0 46.5 0 64.3v383.4C0 465.5 14.3 480 31.9 480H416c17.6 0 32-14.5 32-32.3V64.3c0-17.8-14.4-32.3-32-32.3zM135.4 416H69V202.2h66.5V416zm-33.2-243c-21.3 0-38.5-17.3-38.5-38.5S80.9 96 102.2 96c21.2 0 38.5 17.3 38.5 38.5 0 21.3-17.2 38.5-38.5 38.5zm282.1 243h-66.4V312c0-24.8-.5-56.7-34.5-56.7-34.6 0-39.9 27-39.9 54.9V416h-66.4V202.2h63.7v29.2h.9c8.9-16.8 30.6-34.5 62.9-34.5 67.2 0 79.7 44.3 79.7 101.9V416z\"><\/path><\/svg>\t\t\t\t\t<\/a>\n\t\t\t\t<\/span>\n\t\t\t\t\t<\/div>\n\t\t\t\t\t\t<\/div>\n\t\t\t\t<\/div>\n\t\t\t\t<\/div>\n\t\t\t\t<\/div>\n\t\t\t\t<\/div>\n\t\t\t\t<\/div>\n\t\t\t\t<\/div>\n\t\t\t\t\t<\/div>\n\t\t\t\t<\/footer>\n\t\t\t\t<\/div>","protected":false},"excerpt":{"rendered":"<p>According to \u00a7 5 TMG PUBLISHER DataCarrot UG Wilmersdorfer Stra\u00dfe 12810627, BerlinGermany E:Mail: info@datacarrot.comWebsite: www.datacarrot.com REPRESENTED BY Marko Ili\u0107 REGISTERED ENTRY Amtsgericht Charlottenburg (Berlin) HRB 200820 BVAT-ID Number:DE323094302 \u00a0 Whether you have a specific idea or project in mind or not &#8211; we are constantly looking to meet new people and understand the digital challenges [&hellip;]<\/p>\n","protected":false},"author":1,"featured_media":0,"parent":0,"menu_order":0,"comment_status":"closed","ping_status":"closed","template":"","meta":{"_acf_changed":false,"footnotes":""},"class_list":["post-6393","page","type-page","status-publish","hentry"],"acf":[],"_links":{"self":[{"href":"https:\/\/www.datacarrot.com\/sl\/wp-json\/wp\/v2\/pages\/6393","targetHints":{"allow":["GET"]}}],"collection":[{"href":"https:\/\/www.datacarrot.com\/sl\/wp-json\/wp\/v2\/pages"}],"about":[{"href":"https:\/\/www.datacarrot.com\/sl\/wp-json\/wp\/v2\/types\/page"}],"author":[{"embeddable":true,"href":"https:\/\/www.datacarrot.com\/sl\/wp-json\/wp\/v2\/users\/1"}],"replies":[{"embeddable":true,"href":"https:\/\/www.datacarrot.com\/sl\/wp-json\/wp\/v2\/comments?post=6393"}],"version-history":[{"count":43,"href":"https:\/\/www.datacarrot.com\/sl\/wp-json\/wp\/v2\/pages\/6393\/revisions"}],"predecessor-version":[{"id":7281,"href":"https:\/\/www.datacarrot.com\/sl\/wp-json\/wp\/v2\/pages\/6393\/revisions\/7281"}],"wp:attachment":[{"href":"https:\/\/www.datacarrot.com\/sl\/wp-json\/wp\/v2\/media?parent=6393"}],"curies":[{"name":"wp","href":"https:\/\/api.w.org\/{rel}","templated":true}]}}