{"id":3,"date":"2024-09-29T15:32:59","date_gmt":"2024-09-29T15:32:59","guid":{"rendered":"http:\/\/datacarrot.com\/?page_id=3"},"modified":"2025-04-09T20:22:50","modified_gmt":"2025-04-09T20:22:50","slug":"privacy-policy","status":"publish","type":"page","link":"https:\/\/www.datacarrot.com\/sl\/privacy-policy\/","title":{"rendered":"Politika Zasebnosti"},"content":{"rendered":"<div data-elementor-type=\"wp-page\" data-elementor-id=\"3\" class=\"elementor elementor-3\">\n\t\t\t\t<div class=\"elementor-element elementor-element-3f25fcaa e-flex e-con-boxed e-con e-parent\" data-id=\"3f25fcaa\" data-element_type=\"container\" data-e-type=\"container\">\n\t\t\t\t\t<div class=\"e-con-inner\">\n\t\t\t\t<div class=\"elementor-element elementor-element-66961252 elementor-widget elementor-widget-text-editor\" data-id=\"66961252\" data-element_type=\"widget\" data-e-type=\"widget\" data-widget_type=\"text-editor.default\">\n\t\t\t\t<div class=\"elementor-widget-container\">\n\t\t\t\t\t\t\t\t\t\n<h2 class=\"wp-block-heading\">PODJETJE<\/h2>\n\n<p>Status: August 2024<br \/><br \/>Ta politika zasebnosti vsebuje informacije o tem, kako obdelujemo va\u0161e osebne podatke v okviru spletnega mesta https:\/\/datacarrot.com\/ (\u201cspletno mesto\u201d).<strong>Website<\/strong>\u201d).<\/p>\n\n<p>\u00a0<\/p>\n\n<h2 class=\"wp-block-heading\">Splo\u0161no<\/h2>\n\n<p class=\"translation-block\"><p><strong>Upravljavec<\/strong> v smislu Splo\u0161ne uredbe o varstvu podatkov (<strong>GDPR<\/strong>) za obdelavo osebnih podatkov v okviru Storitev je\n<strong>DataCarrot UG<\/strong>, Wilmersdorfer Stra\u00dfe 128, 10627 Berlin, Nem\u010dija\n(\u00bb<strong>DataCarrot<\/strong>\u00ab, \u00bb<strong>mi<\/strong>\u00ab, \u00bb<strong>nas<\/strong>\u00ab ali \u00bb<strong>na\u0161e<\/strong>\u00ab).<\/p>\n\n<p>S to politiko vam \u017eelimo pojasniti, katere podatke zbiramo v okviru na\u0161ih Storitev, za katere namene in kako te podatke\n(<strong>\u00bbuporaba\u00ab<\/strong>) uporabljamo ter katere pravice imate. Prosimo, upo\u0161tevajte, da lahko na\u0161e Storitve vsebujejo povezave do spletnih mest drugih ponudnikov, nad katerih vsebino nimamo nadzora in zanje ta politika zasebnosti ne velja.<\/p><\/p>\n\n<h2 class=\"wp-block-heading\">Podatki, ki jih zbiramo, obdelujemo in uporabljamo<\/h2>\n\n<p>Va\u0161e osebne podatke obdelujemo le, \u010de je to potrebno za zagotavljanje delujo\u010de spletne strani, na\u0161e vsebine in na\u0161ih storitev.<\/p>\n\n<h3 class=\"wp-block-heading\">Obisk na\u0161e spletne strani<\/h3>\n\n<p>Uporaba na\u0161ih storitev je mo\u017ena brez posredovanja va\u0161ih osebnih podatkov. Kar zadeva spletno stran: tako kot pri ve\u010dini spletnih mest na\u0161i sistemi samodejno bele\u017eijo vsak dostop ali obisk na\u0161e spletne strani in te informacije za\u010dasno shranijo v tako imenovano \u00bbdnevni\u0161ko datoteko\u00ab. Med podatke, shranjene v tem kontekstu, sodijo zlasti:<\/p>\n<ul role=\"list\">\n<li>IP-naslov dostopajo\u010dega ra\u010dunalnika<\/li>\n<li>Ime in URL dostopane datoteke<\/li>\n<li>Datum in \u010das dostopa<\/li>\n<li>Status dostopa \/ koda stanja HTTP<\/li>\n<li>Koli\u010dina prenesenih podatkov pri posameznem prenosu<\/li>\n<li>Podatki o identifikaciji brskalnika.<\/li>\n<\/ul>\n<h3>Kontakt<\/h3>\n\n<p>Na\u0161e storitve omogo\u010dajo mo\u017enost, da nas kontaktirate prek e-po\u0161te. \u010ce nas kontaktirate po e-po\u0161ti ali nam po\u0161ljete povpra\u0161evanje, shranimo osebne podatke, ki ste nam jih posredovali prek e-po\u0161te. Posredovanje teh informacij ni obvezno; prejmemo in shranimo le osebne podatke, ki nam jih prostovoljno po\u0161ljete. Ti podatki se uporabljajo izklju\u010dno za obdelavo va\u0161ega konkretnega povpra\u0161evanja.\n\nPravna podlaga za obdelavo zgoraj navedenih osebnih podatkov je \u010dlen 6(1) stavek 1(f) Splo\u0161ne uredbe o varstvu podatkov (GDPR) \u2013 zakoniti interes. Na\u0161 zakoniti interes temelji na dejstvu, da lahko izvedemo dejanje, ki ga uporabnik zahteva (npr. odgovor na povpra\u0161evanje), samo \u010de obdelujemo njegove osebne podatke.\n\n\u010ce nas kontaktirate z namenom vzpostavitve poslovnega razmerja, se obdelava va\u0161ih osebnih podatkov izvaja tudi na podlagi \u010dlena 6(1) stavek 1(b) GDPR \u2013 izvajanje pogodbe in ukrepi pred sklenitvijo pogodbe.<\/p>\n\n<h3 class=\"wp-block-heading\">Postopek registracije za projekte<\/h3>\n\n<p>Na\u0161e storitve omogo\u010dajo mo\u017enost, da nas kontaktirate za za\u010detek projekta. \u010ce nas kontaktirate prek obrazca \u00bbLet\u2019s Talk\u00ab, shranimo osebne podatke, ki ste jih posredovali, zlasti va\u0161e ime, e-po\u0161tni naslov, ime podjetja (neobvezno), telefonsko \u0161tevilko (neobvezno) ter informacijo o tem, kako ste nas na\u0161li. Posredovani podatki nikoli ne bodo deljeni s tretjimi osebami.\n\nPravna podlaga za obdelavo zgoraj navedenih osebnih podatkov je \u010dlen 6(1) stavek 1(f) Splo\u0161ne uredbe o varstvu podatkov (GDPR) \u2013 zakoniti interes. Na\u0161 zakoniti interes temelji na dejstvu, da lahko izvedemo dejanje, ki ga uporabnik zahteva (npr. vzpostavitev stika za za\u010detek projekta), samo \u010de obdelujemo njegove osebne podatke.\n\n\u010ce nas kontaktirate z namenom vzpostavitve poslovnega razmerja, se obdelava va\u0161ih osebnih podatkov izvaja tudi na podlagi \u010dlena 6(1) stavek 1(b) GDPR \u2013 izvajanje pogodbe in ukrepi, potrebni pred sklenitvijo pogodbe.<\/p>\n\n<h3 class=\"wp-block-heading\">Pi\u0161kotki<\/h3>\n\n<p>Na\u0161e storitve uporabljajo pi\u0161kotke. Pi\u0161kotki so majhne besedilne datoteke, ki se shranijo v va\u0161em spletnem brskalniku za namen tehni\u010dnega nadzora sej. Omogo\u010dajo vam la\u017eje krmarjenje po na\u0161i spletni strani in nam pomagajo analizirati anonimno vedenje uporabnikov, kar prispeva k optimizaciji zasnove spletne strani. Podatkov, zbranih s pi\u0161kotki, ni mogo\u010de povezati z dolo\u010deno osebo.\n\nNa\u0161e storitve uporabljajo pi\u0161kotke v naslednjem obsegu: za\u010dasne \/ sejne pi\u0161kotke, trajnostne \/ nastavitvene pi\u0161kotke in analiti\u010dne pi\u0161kotke.\n\t\u2022\tZa\u010dasni (sejni) pi\u0161kotki se samodejno izbri\u0161ejo, ko zaprete brskalnik. Mednje sodijo zlasti sejni pi\u0161kotki, ki shranijo tako imenovani ID seje, s katerim se prepozna uporabni\u0161ko sejo v brskalniku. Ti pi\u0161kotki se izbri\u0161ejo, ko se odjavite ali zaprete brskalnik.\n\t\u2022\tTrajnostni pi\u0161kotki pomagajo storitvam, da si zapomnijo va\u0161e informacije in nastavitve ob prihodnjih obiskih. Samodejno se izbri\u0161ejo po dolo\u010denem \u010dasu, ki se lahko razlikuje glede na posamezen pi\u0161kotek.\n\t\u2022\tUporabljamo tudi analiti\u010dne pi\u0161kotke, ki omogo\u010dajo analizo uporabnikovega vedenja med brskanjem.\n\nVe\u010dina brskalnikov pi\u0161kotke samodejno sprejema. Nastavitve brskalnika pa lahko spremenite tako, da se pi\u0161kotki ne shranjujejo ali da se pred nastavitvijo novega pi\u0161kotka vedno prika\u017ee obvestilo. \u010ce se odlo\u010dite popolnoma onemogo\u010diti pi\u0161kotke, vse funkcije na\u0161e spletne strani morda ne bodo delovale pravilno ali v celoti.\n\nPravna podlaga za obdelavo osebnih podatkov v povezavi s pi\u0161kotki je \u010dlen 6(1) stavek 1(f) GDPR (zakoniti interes). Na\u0161 zakoniti interes izhaja iz zgoraj omenjenih namenov \u2013 optimizacija uporabe storitev in izbolj\u0161anje uporabni\u0161ke izku\u0161nje.\n\nDo upravljanja soglasij za pi\u0161kotke na\u0161ih storitev lahko dostopate prek naslednje povezave: [vstavite povezavo].<\/p>\n\n<h2 class=\"wp-block-heading\">Tretje osebe; Tehni\u010dna izvedba s strani podizvajalcev<\/h2>\n\n<p>Osebni podatki, zbrani v okviru uporabe na\u0161ih storitev, ne bodo posredovani tretjim osebam ali kako druga\u010de razkriti brez va\u0161ega soglasja, razen v primerih, ki so izrecno opisani v tem Pravilniku o zasebnosti. Posredovanje vladnim institucijam in organom se izvede le na podlagi zakonsko dolo\u010denih obveznosti.\n\nPravna podlaga za tak\u0161no obdelavo osebnih podatkov je \u010dlen 6(1) stavek 1(c) GDPR (izpolnjevanje zakonskih obveznosti).\n\nZa delovanje spletne strani in zagotavljanje ponujenih storitev (npr. gostovanje, kontaktni obrazec) lahko uporabljamo zunanje ponudnike storitev, ki za nas obdelujejo va\u0161e osebne podatke. Ti ponudniki podatke obdelujejo izklju\u010dno v skladu z na\u0161imi navodili.\n\nPravne podlage za tak\u0161no obdelavo osebnih podatkov so:\n\t\u2022\t\u010dlen 6(1) stavek 1(b) GDPR (izvajanje pogodbe in ukrepi, potrebni pred sklenitvijo pogodbe) ter\n\t\u2022\t\u010dlen 28 GDPR (obdelava podatkov s strani pogodbenih obdelovalcev).<\/p>\n<h2>Kako dolgo hranimo va\u0161e osebne podatke<\/h2>\n<p>\u010ce v tem pravilniku ni druga\u010de dolo\u010deno obdobje hrambe va\u0161ih osebnih podatkov, osebne podatke, zbrane v okviru uporabe na\u0161ih storitev, hranimo le toliko \u010dasa, kolikor je potrebno za obdelavo va\u0161ih zahtev ali poizvedb, nato pa le v obsegu in za \u010das, ki ga zahtevajo zakonske obveznosti hrambe.\n\n\u010ce va\u0161ih osebnih podatkov ne potrebujemo ve\u010d za zgoraj navedene namene, jih hranimo zgolj za obdobje, dolo\u010deno z zakonodajo, in jih ne obdelujemo za nobene druge namene.<\/p>\n<h2>Va\u0161e pravice<\/h2>\n<p>Imate pravico, da od nas kadarkoli zahtevate informacije o va\u0161ih osebnih podatkih, ki jih hranimo.\n\u010ce so izpolnjene zakonske zahteve, imate pravico od nas zahtevati tudi dostop do svojih osebnih podatkov, njihovo popravke, izbris ali omejitev obdelave va\u0161ih osebnih podatkov.\u00a0<strong>to object the processing of your personal data<\/strong>. If you have given your consent to the use of personal data, you can revoke such consent at any time (for the future). If you believe that the processing of your personal data by us is in breach of the applicable data protection laws, you can issue a complaint with the competent supervisory authority for data protection.<\/p>\n<h2>Kontakt<\/h2>\n<h2>Varnost Podatkov<\/h2>\n<p>Vzdr\u017eujemo posodobljene tehni\u010dne ukrepe za zagotavljanje varnosti podatkov, zlasti za za\u0161\u010dito va\u0161ih osebnih podatkov pred tveganji med prenosom in pred dostopom tretjih oseb.\nTi ukrepi se redno posodabljajo v skladu z najnovej\u0161im stanjem tehnike in varnostnimi standardi.<\/p>\n<h2>Spremembe<\/h2>\n<p>Na\u0161a politika zasebnosti se lahko ob\u010dasno spremeni, na primer zaradi nadaljnjega razvoja na\u0161ih storitev ali sprememb zakonodaje.\nZato si pridr\u017eujemo pravico, da to politiko zasebnosti kadar koli spremenimo z u\u010dinkom za prihodnost.\nPriporo\u010damo vam, da to izjavo o varstvu podatkov redno prebirate, da boste vedno seznanjeni z morebitnimi spremembami. ***<\/p>\n\n<p>\u00a0<\/p>\t\t\t\t\t\t\t\t<\/div>\n\t\t\t\t<\/div>\n\t\t\t\t\t<\/div>\n\t\t\t\t<\/div>\n\t\t<footer class=\"elementor-element elementor-element-7df77b0 footer dark-mode bg-dark pt-5 pb-4 pb-lg-5 e-flex e-con-boxed e-con e-parent\" data-id=\"7df77b0\" data-element_type=\"container\" data-e-type=\"container\">\n\t\t\t\t\t<div class=\"e-con-inner\">\n\t\t<div class=\"elementor-element elementor-element-a563ac6 e-con-full e-flex e-con e-child\" data-id=\"a563ac6\" data-element_type=\"container\" data-e-type=\"container\">\n\t\t<div class=\"elementor-element elementor-element-82f98eb e-con-full e-flex e-con e-child\" data-id=\"82f98eb\" data-element_type=\"container\" data-e-type=\"container\">\n\t\t<div class=\"elementor-element elementor-element-f836a3b col-lg-4 col-md-6 e-con-full e-flex e-con e-child\" data-id=\"f836a3b\" data-element_type=\"container\" data-e-type=\"container\">\n\t\t<div class=\"elementor-element elementor-element-b211779 e-con-full e-flex e-con e-child\" data-id=\"b211779\" data-element_type=\"container\" data-e-type=\"container\">\n\t\t\t\t<div class=\"elementor-element elementor-element-29a92ec elementor-widget elementor-widget-image\" data-id=\"29a92ec\" data-element_type=\"widget\" data-e-type=\"widget\" data-widget_type=\"image.default\">\n\t\t\t\t<div class=\"elementor-widget-container\">\n\t\t\t\t\t\t\t\t\t\t\t\t\t\t\t<img fetchpriority=\"high\" decoding=\"async\" width=\"768\" height=\"146\" src=\"https:\/\/www.datacarrot.com\/wp-content\/uploads\/2024\/10\/logo_footer-768x146.png\" class=\"attachment-medium_large size-medium_large wp-image-6613\" alt=\"\" srcset=\"https:\/\/www.datacarrot.com\/wp-content\/uploads\/2024\/10\/logo_footer-768x146.png 768w, https:\/\/www.datacarrot.com\/wp-content\/uploads\/2024\/10\/logo_footer-300x57.png 300w, https:\/\/www.datacarrot.com\/wp-content\/uploads\/2024\/10\/logo_footer.png 990w\" sizes=\"(max-width: 768px) 100vw, 768px\" \/>\t\t\t\t\t\t\t\t\t\t\t\t\t\t\t<\/div>\n\t\t\t\t<\/div>\n\t\t\t\t<\/div>\n\t\t\t\t<div class=\"elementor-element elementor-element-2519697 elementor-widget elementor-widget-highlighted-heading\" data-id=\"2519697\" data-element_type=\"widget\" data-e-type=\"widget\" data-widget_type=\"highlighted-heading.default\">\n\t\t\t\t<div class=\"elementor-widget-container\">\n\t\t\t\t\t<p class=\"silicon-elementor-highlighted-heading__title fs-sm pb-lg-3 mb-4 text-light opacity-70\"><span class=\"si-multipurpose-text__before\">Ne glede na to, ali imate \u017ee konkretno idejo ali projekt v mislih ali ne \u2013 vedno i\u0161\u010demo prilo\u017enosti za spoznavanje novih ljudi in razumevanje digitalnih izzivov, s katerimi se soo\u010dajo njihova podjetja, ali tega, kaj \u017eelijo zgraditi v prihodnosti.<\/span><\/p>\t\t\t\t<\/div>\n\t\t\t\t<\/div>\n\t\t\t\t<\/div>\n\t\t<div class=\"elementor-element elementor-element-1c46742 col-xl-6 col-lg-7 col-md-5 offset-xl-2 offset-md-1 pt-4 pt-md-1 pt-lg-0 e-con-full e-flex e-con e-child\" data-id=\"1c46742\" data-element_type=\"container\" data-e-type=\"container\">\n\t\t<div class=\"elementor-element elementor-element-1d0bfa4 e-con-full e-flex e-con e-child\" data-id=\"1d0bfa4\" data-element_type=\"container\" data-e-type=\"container\">\n\t\t<div class=\"elementor-element elementor-element-e2860dc col-lg-4 col-12 e-con-full e-flex e-con e-child\" data-id=\"e2860dc\" data-element_type=\"container\" data-e-type=\"container\">\n\t\t\t\t<div class=\"elementor-element elementor-element-69d0ad2 elementor-widget elementor-widget-highlighted-heading\" data-id=\"69d0ad2\" data-element_type=\"widget\" data-e-type=\"widget\" data-widget_type=\"highlighted-heading.default\">\n\t\t\t\t<div class=\"elementor-widget-container\">\n\t\t\t\t\t<h6 class=\"silicon-elementor-highlighted-heading__title mb-2\"><a href=\"#useful-links\" data-bs-toggle=\"collapse\" class=\"text-decoration-none d-block text-dark dropdown-toggle d-lg-none py-2\"><span class=\"si-multipurpose-text__before\">DataCarrot<\/span><\/a><\/h6>\t\t\t\t<\/div>\n\t\t\t\t<\/div>\n\t\t\t\t<div class=\"elementor-element elementor-element-98aac02 collapse d-lg-block elementor-widget elementor-widget-si-nav-menu\" data-id=\"98aac02\" data-element_type=\"widget\" data-e-type=\"widget\" data-bs-parent=\"#footer-links\" data-widget_type=\"si-nav-menu.default\">\n\t\t\t\t<div class=\"elementor-widget-container\">\n\t\t\t\t\t\t\t<ul id=\"menu-1-98aac02\" class=\"nav flex-column pb-lg-1 mb-lg-3\"><li id=\"menu-item-6278\" class=\"menu-item menu-item-type-custom menu-item-object-custom menu-item-6278  nav-item\"><a href=\"https:\/\/www.datacarrot.com\/sl\/#about-us\" class=\"nav-link d-inline-block px-0 pt-1 pb-2\">O Nas<\/a><\/li>\n<li id=\"menu-item-6291\" class=\"menu-item menu-item-type-custom menu-item-object-custom menu-item-6291  nav-item\"><a href=\"https:\/\/www.datacarrot.com\/sl\/#customers\" class=\"nav-link d-inline-block px-0 pt-1 pb-2\">Stranke<\/a><\/li>\n<li id=\"menu-item-6292\" class=\"menu-item menu-item-type-custom menu-item-object-custom menu-item-6292  nav-item\"><a href=\"https:\/\/www.datacarrot.com\/sl\/#services\" class=\"nav-link d-inline-block px-0 pt-1 pb-2\">Storitve<\/a><\/li>\n<li id=\"menu-item-6293\" class=\"menu-item menu-item-type-custom menu-item-object-custom menu-item-6293  nav-item\"><a href=\"https:\/\/www.datacarrot.com\/sl\/#projects\" class=\"nav-link d-inline-block px-0 pt-1 pb-2\">Projekti<\/a><\/li>\n<\/ul>\t\t\t\t\t\t<\/div>\n\t\t\t\t<\/div>\n\t\t\t\t<\/div>\n\t\t<div class=\"elementor-element elementor-element-2762e9a col-xl-4 col-lg-5 pt-2 pt-lg-0 col-12 e-con-full e-flex e-con e-child\" data-id=\"2762e9a\" data-element_type=\"container\" data-e-type=\"container\">\n\t\t\t\t<div class=\"elementor-element elementor-element-73992b9 elementor-widget__width-initial elementor-widget elementor-widget-highlighted-heading\" data-id=\"73992b9\" data-element_type=\"widget\" data-e-type=\"widget\" data-widget_type=\"highlighted-heading.default\">\n\t\t\t\t<div class=\"elementor-widget-container\">\n\t\t\t\t\t<h6 class=\"silicon-elementor-highlighted-heading__title mb-2\"><span class=\"si-multipurpose-text__before\">Kontakt<\/span><\/h6>\t\t\t\t<\/div>\n\t\t\t\t<\/div>\n\t\t\t\t<div class=\"elementor-element elementor-element-96f8b98 elementor-widget__width-initial elementor-widget elementor-widget-highlighted-heading\" data-id=\"96f8b98\" data-element_type=\"widget\" data-e-type=\"widget\" data-widget_type=\"highlighted-heading.default\">\n\t\t\t\t<div class=\"elementor-widget-container\">\n\t\t\t\t\t<div class=\"silicon-elementor-highlighted-heading__title mb-2\"><span class=\"si-multipurpose-text__before\">DataCarrot UG<br><br><\/span><span class=\"silicon-elementor-highlighted-heading__highlighted-text\">Wilmersdorfer Stra\u00dfe 128<br><\/span><span class=\"si-multipurpose-text__before\">10627 Berlin | Germany<\/span><\/div>\t\t\t\t<\/div>\n\t\t\t\t<\/div>\n\t\t\t\t<div class=\"elementor-element elementor-element-131d59e elementor-widget elementor-widget-highlighted-heading\" data-id=\"131d59e\" data-element_type=\"widget\" data-e-type=\"widget\" data-widget_type=\"highlighted-heading.default\">\n\t\t\t\t<div class=\"elementor-widget-container\">\n\t\t\t\t\t<span class=\"silicon-elementor-highlighted-heading__title fw-medium fmail\"><a href=\"mailto:info@datacarrot.com\" class=\"text-decoration-none\"><span class=\"si-multipurpose-text__before\">E-Mail: <\/span><span class=\"silicon-elementor-highlighted-heading__highlighted-text\">info@datacarrot.com<\/span><\/a><\/span>\t\t\t\t<\/div>\n\t\t\t\t<\/div>\n\t\t\t\t<div class=\"elementor-element elementor-element-d32d86a elementor-widget elementor-widget-highlighted-heading\" data-id=\"d32d86a\" data-element_type=\"widget\" data-e-type=\"widget\" data-widget_type=\"highlighted-heading.default\">\n\t\t\t\t<div class=\"elementor-widget-container\">\n\t\t\t\t\t<span class=\"silicon-elementor-highlighted-heading__title fw-medium\"><a href=\"\/sl\/imprint\/\" class=\"text-decoration-none\"><span class=\"si-multipurpose-text__before\"><br><\/span><span class=\"silicon-elementor-highlighted-heading__highlighted-text\">Vizitka<\/span><\/a><\/span>\t\t\t\t<\/div>\n\t\t\t\t<\/div>\n\t\t\t\t<div class=\"elementor-element elementor-element-089f899 elementor-widget elementor-widget-highlighted-heading\" data-id=\"089f899\" data-element_type=\"widget\" data-e-type=\"widget\" data-widget_type=\"highlighted-heading.default\">\n\t\t\t\t<div class=\"elementor-widget-container\">\n\t\t\t\t\t<span class=\"silicon-elementor-highlighted-heading__title fw-medium\"><a href=\"\/sl\/privacy-policy\/\" class=\"text-decoration-none\"><span class=\"si-multipurpose-text__before\"><br><\/span><span class=\"silicon-elementor-highlighted-heading__highlighted-text\">Politika Zasebnosti<\/span><\/a><\/span>\t\t\t\t<\/div>\n\t\t\t\t<\/div>\n\t\t\t\t<div class=\"elementor-element elementor-element-b675174 elementor-shape-square e-grid-align-left elementor-grid-0 elementor-widget elementor-widget-social-icons\" data-id=\"b675174\" data-element_type=\"widget\" data-e-type=\"widget\" data-widget_type=\"social-icons.default\">\n\t\t\t\t<div class=\"elementor-widget-container\">\n\t\t\t\t\t\t\t<div class=\"elementor-social-icons-wrapper elementor-grid\">\n\t\t\t\t\t\t\t<span class=\"elementor-grid-item\">\n\t\t\t\t\t<a class=\"elementor-icon elementor-social-icon elementor-social-icon-linkedin elementor-repeater-item-fa8efa0\" href=\"https:\/\/www.linkedin.com\/company\/datacarrot\/\" target=\"_blank\">\n\t\t\t\t\t\t<span class=\"elementor-screen-only\">Linkedin<\/span>\n\t\t\t\t\t\t<svg aria-hidden=\"true\" class=\"e-font-icon-svg e-fab-linkedin\" viewbox=\"0 0 448 512\" xmlns=\"http:\/\/www.w3.org\/2000\/svg\"><path d=\"M416 32H31.9C14.3 32 0 46.5 0 64.3v383.4C0 465.5 14.3 480 31.9 480H416c17.6 0 32-14.5 32-32.3V64.3c0-17.8-14.4-32.3-32-32.3zM135.4 416H69V202.2h66.5V416zm-33.2-243c-21.3 0-38.5-17.3-38.5-38.5S80.9 96 102.2 96c21.2 0 38.5 17.3 38.5 38.5 0 21.3-17.2 38.5-38.5 38.5zm282.1 243h-66.4V312c0-24.8-.5-56.7-34.5-56.7-34.6 0-39.9 27-39.9 54.9V416h-66.4V202.2h63.7v29.2h.9c8.9-16.8 30.6-34.5 62.9-34.5 67.2 0 79.7 44.3 79.7 101.9V416z\"><\/path><\/svg>\t\t\t\t\t<\/a>\n\t\t\t\t<\/span>\n\t\t\t\t\t<\/div>\n\t\t\t\t\t\t<\/div>\n\t\t\t\t<\/div>\n\t\t\t\t<\/div>\n\t\t\t\t<\/div>\n\t\t\t\t<\/div>\n\t\t\t\t<\/div>\n\t\t\t\t<\/div>\n\t\t\t\t\t<\/div>\n\t\t\t\t<\/footer>\n\t\t\t\t<\/div>","protected":false},"excerpt":{"rendered":"<p>Who we are Status: August 2024 This Privacy Policy contains information about how we process your personal data in the context of the website https:\/\/datacarrot.com\/ (the \u201cWebsite\u201d). \u00a0 General Controller for the purposes of the General Data Protection Regulation (\u201cGDPR\u201d) regarding the processing of personal data in the context of the Services is DataCarrot UG, [&hellip;]<\/p>\n","protected":false},"author":1,"featured_media":0,"parent":0,"menu_order":0,"comment_status":"closed","ping_status":"open","template":"","meta":{"_acf_changed":false,"footnotes":""},"class_list":["post-3","page","type-page","status-publish","hentry"],"acf":[],"_links":{"self":[{"href":"https:\/\/www.datacarrot.com\/sl\/wp-json\/wp\/v2\/pages\/3","targetHints":{"allow":["GET"]}}],"collection":[{"href":"https:\/\/www.datacarrot.com\/sl\/wp-json\/wp\/v2\/pages"}],"about":[{"href":"https:\/\/www.datacarrot.com\/sl\/wp-json\/wp\/v2\/types\/page"}],"author":[{"embeddable":true,"href":"https:\/\/www.datacarrot.com\/sl\/wp-json\/wp\/v2\/users\/1"}],"replies":[{"embeddable":true,"href":"https:\/\/www.datacarrot.com\/sl\/wp-json\/wp\/v2\/comments?post=3"}],"version-history":[{"count":36,"href":"https:\/\/www.datacarrot.com\/sl\/wp-json\/wp\/v2\/pages\/3\/revisions"}],"predecessor-version":[{"id":7287,"href":"https:\/\/www.datacarrot.com\/sl\/wp-json\/wp\/v2\/pages\/3\/revisions\/7287"}],"wp:attachment":[{"href":"https:\/\/www.datacarrot.com\/sl\/wp-json\/wp\/v2\/media?parent=3"}],"curies":[{"name":"wp","href":"https:\/\/api.w.org\/{rel}","templated":true}]}}