{"id":6964,"date":"2024-10-20T18:39:06","date_gmt":"2024-10-20T18:39:06","guid":{"rendered":"https:\/\/datacarrot.com\/?page_id=6964"},"modified":"2025-11-05T07:56:17","modified_gmt":"2025-11-05T07:56:17","slug":"contact-us","status":"publish","type":"page","link":"https:\/\/www.datacarrot.com\/de\/contact-us\/","title":{"rendered":"Bereit f\u00fcr den ersten Schritt \u2013 gemeinsam."},"content":{"rendered":"<div data-elementor-type=\"wp-page\" data-elementor-id=\"6964\" class=\"elementor elementor-6964\">\n\t\t\t\t<div class=\"elementor-element elementor-element-9138469 e-con-full e-flex e-con e-parent\" data-id=\"9138469\" data-element_type=\"container\" data-e-type=\"container\">\n\t\t<div class=\"elementor-element elementor-element-d91de9a e-con-full e-flex e-con e-child\" data-id=\"d91de9a\" data-element_type=\"container\" data-e-type=\"container\">\n\t\t<div class=\"elementor-element elementor-element-3ca6253 e-con-full e-flex e-con e-child\" data-id=\"3ca6253\" data-element_type=\"container\" data-e-type=\"container\">\n\t\t\t\t<div class=\"elementor-element elementor-element-257d948 elementor-widget elementor-widget-text-editor\" data-id=\"257d948\" data-element_type=\"widget\" data-e-type=\"widget\" data-widget_type=\"text-editor.default\">\n\t\t\t\t<div class=\"elementor-widget-container\">\n\t\t\t\t\t\t\t\t\t<p><div class=\"forminator-ui forminator-custom-form forminator-custom-form-7447 forminator-design--default  forminator_ajax\" data-forminator-render=\"0\" data-form=\"forminator-module-7447\" data-uid=\"69e116f3ca347\"><br\/><\/div><form\n\t\t\t\tid=\"forminator-module-7447\"\n\t\t\t\tclass=\"forminator-ui forminator-custom-form forminator-custom-form-7447 forminator-design--default  forminator_ajax\"\n\t\t\t\tmethod=\"post\"\n\t\t\t\tdata-forminator-render=\"0\"\n\t\t\t\tdata-form-id=\"7447\"\n\t\t\t\t data-color-option=\"theme\" data-design=\"default\" data-grid=\"open\" style=\"display: none;\"\n\t\t\t\tdata-uid=\"69e116f3ca347\" action=\"\"\n\t\t\t><div role=\"alert\" aria-live=\"polite\" class=\"forminator-response-message forminator-error\" aria-hidden=\"true\"><\/div><div class=\"forminator-row\"><div id=\"name-1\" class=\"forminator-field-name forminator-col forminator-col-12  submit-form-dc-custom\"><div class=\"forminator-field\"><label for=\"forminator-field-name-1_69e116f3ca347\" id=\"forminator-field-name-1_69e116f3ca347-label\" class=\"forminator-label\">Name <span class=\"forminator-required\">*<\/span><\/label><input type=\"text\" name=\"name-1\" value=\"\" placeholder=\"\" id=\"forminator-field-name-1_69e116f3ca347\" class=\"forminator-input forminator-name--field\" aria-required=\"true\" autocomplete=\"name\" \/><\/div><\/div><\/div><div class=\"forminator-row\"><div id=\"email-1\" class=\"forminator-field-email forminator-col forminator-col-12  submit-form-dc-custom\"><div class=\"forminator-field\"><label for=\"forminator-field-email-1_69e116f3ca347\" id=\"forminator-field-email-1_69e116f3ca347-label\" class=\"forminator-label\">Email-Adresse <span class=\"forminator-required\">*<\/span><\/label><input type=\"email\" name=\"email-1\" value=\"\" placeholder=\"\" id=\"forminator-field-email-1_69e116f3ca347\" class=\"forminator-input forminator-email--field\" data-required=\"true\" aria-required=\"true\" autocomplete=\"email\" \/><\/div><\/div><\/div><div class=\"forminator-row\"><div id=\"textarea-1\" class=\"forminator-field-textarea forminator-col forminator-col-12  submit-form-dc-custom\"><div class=\"forminator-field\"><label for=\"forminator-field-textarea-1_69e116f3ca347\" id=\"forminator-field-textarea-1_69e116f3ca347-label\" class=\"forminator-label\">Ihre Nachricht <span class=\"forminator-required\">*<\/span><\/label><span id=\"forminator-field-textarea-1_69e116f3ca347-description\" class=\"forminator-description\"><span data-limit=\"180\" data-type=\"characters\" data-editor=\"\">0 \/ 180<\/span><\/span><textarea name=\"textarea-1\" placeholder=\"\" id=\"forminator-field-textarea-1_69e116f3ca347\" class=\"forminator-textarea\" rows=\"6\" style=\"min-height:140px;\" maxlength=\"180\" ><\/textarea><\/div><\/div><\/div><div class=\"forminator-row\"><div id=\"checkbox-1\" class=\"forminator-field-checkbox forminator-col forminator-col-12\"><div role=\"group\" class=\"forminator-field required\" aria-labelledby=\"forminator-checkbox-group-forminator-field-checkbox-1-69e116f3ca347-label\"><label id=\"forminator-field-checkbox-1-1-69e116f3ca347-label\" for=\"forminator-field-checkbox-1-1-69e116f3ca347\" class=\"forminator-checkbox\" title=\"Die Verarbeitung Ihrer Daten erfolgt entsprechend unserer &lt;a href=&quot;\/de\/privacy-policy\/&quot; target=&quot;_blank&quot;&gt;Datenschutzerkl&auml;rung&lt;\/a&gt;.\"><input type=\"checkbox\" name=\"checkbox-1[]\" value=\"one\" id=\"forminator-field-checkbox-1-1-69e116f3ca347\" aria-labelledby=\"forminator-field-checkbox-1-1-69e116f3ca347-label\" data-calculation=\"0\"   data-hidden-behavior=\"zero\"\/><span class=\"forminator-checkbox-box\" aria-hidden=\"true\"><\/span><span class=\"forminator-checkbox-label\">Die Verarbeitung Ihrer Daten erfolgt entsprechend unserer <a href=\"\/de\/privacy-policy\/\" target=\"_blank\">Datenschutzerkl\u00e4rung<\/a>.<\/span><\/label><\/div><\/div><\/div><input type=\"hidden\" name=\"referer_url\" value=\"\" \/><div class=\"forminator-row forminator-row-last\"><div class=\"forminator-col\"><div class=\"forminator-field\"><button class=\"forminator-button forminator-button-submit submit-form-dc-btn\">Jetzt anmelden<\/button><\/div><\/div><\/div><input type=\"hidden\" id=\"forminator_nonce\" name=\"forminator_nonce\" value=\"2134ac37bb\" \/><input type=\"hidden\" name=\"_wp_http_referer\" value=\"\/de\/wp-json\/wp\/v2\/pages\/6964\" \/><input type=\"hidden\" name=\"form_id\" value=\"7447\"><input type=\"hidden\" name=\"page_id\" value=\"6964\"><input type=\"hidden\" name=\"form_type\" value=\"default\"><input type=\"hidden\" name=\"current_url\" value=\"https:\/\/www.datacarrot.com\/de\/contact-us\/\"><input type=\"hidden\" name=\"render_id\" value=\"0\"><input type=\"hidden\" name=\"action\" value=\"forminator_submit_form_custom-forms\"><label for=\"input_5\" class=\"forminator-hidden\" aria-hidden=\"true\">Bitte f\u00fclle dieses Feld nicht aus. <input id=\"input_5\" type=\"text\" name=\"input_5\" value=\"\" autocomplete=\"off\"><\/label><input type=\"hidden\" name=\"trp-form-language\" value=\"de\"\/><\/form><\/p>\t\t\t\t\t\t\t\t<\/div>\n\t\t\t\t<\/div>\n\t\t\t\t<\/div>\n\t\t<div class=\"elementor-element elementor-element-4cb2d11 e-con-full e-flex e-con e-child\" data-id=\"4cb2d11\" data-element_type=\"container\" data-e-type=\"container\">\n\t\t\t\t<div class=\"elementor-element elementor-element-edb0c73 elementor-widget elementor-widget-heading\" data-id=\"edb0c73\" data-element_type=\"widget\" data-e-type=\"widget\" data-widget_type=\"heading.default\">\n\t\t\t\t<div class=\"elementor-widget-container\">\n\t\t\t\t\t<h2 class=\"elementor-heading-title elementor-size-default\">Wer wir sind<\/h2>\t\t\t\t<\/div>\n\t\t\t\t<\/div>\n\t\t<div class=\"elementor-element elementor-element-90c015a e-grid e-con-full e-con e-child\" data-id=\"90c015a\" data-element_type=\"container\" data-e-type=\"container\">\n\t\t<div class=\"elementor-element elementor-element-86ca7d6 e-con-full e-flex e-con e-child\" data-id=\"86ca7d6\" data-element_type=\"container\" data-e-type=\"container\">\n\t\t\t\t<div class=\"elementor-element elementor-element-e846a73 elementor-widget__width-initial elementor-widget elementor-widget-image\" data-id=\"e846a73\" data-element_type=\"widget\" data-e-type=\"widget\" data-widget_type=\"image.default\">\n\t\t\t\t<div class=\"elementor-widget-container\">\n\t\t\t\t\t\t\t\t\t\t\t\t\t\t\t<img fetchpriority=\"high\" decoding=\"async\" width=\"225\" height=\"300\" src=\"https:\/\/www.datacarrot.com\/wp-content\/uploads\/2025\/11\/Marko_MK80_portrait_black_white-1-225x300.jpg\" class=\"attachment-medium size-medium wp-image-7451\" alt=\"\" srcset=\"https:\/\/www.datacarrot.com\/wp-content\/uploads\/2025\/11\/Marko_MK80_portrait_black_white-1-225x300.jpg 225w, https:\/\/www.datacarrot.com\/wp-content\/uploads\/2025\/11\/Marko_MK80_portrait_black_white-1-768x1024.jpg 768w, https:\/\/www.datacarrot.com\/wp-content\/uploads\/2025\/11\/Marko_MK80_portrait_black_white-1-9x12.jpg 9w, https:\/\/www.datacarrot.com\/wp-content\/uploads\/2025\/11\/Marko_MK80_portrait_black_white-1.jpg 825w\" sizes=\"(max-width: 225px) 100vw, 225px\" \/>\t\t\t\t\t\t\t\t\t\t\t\t\t\t\t<\/div>\n\t\t\t\t<\/div>\n\t\t\t\t<div class=\"elementor-element elementor-element-bd3dcc5 e-grid-align-left elementor-shape-rounded elementor-grid-0 elementor-widget elementor-widget-social-icons\" data-id=\"bd3dcc5\" data-element_type=\"widget\" data-e-type=\"widget\" data-widget_type=\"social-icons.default\">\n\t\t\t\t<div class=\"elementor-widget-container\">\n\t\t\t\t\t\t\t<div class=\"elementor-social-icons-wrapper elementor-grid\">\n\t\t\t\t\t\t\t<span class=\"elementor-grid-item\">\n\t\t\t\t\t<a class=\"elementor-icon elementor-social-icon elementor-social-icon-linkedin elementor-repeater-item-8480335\" href=\"https:\/\/www.linkedin.com\/in\/ilicmarko\/\" target=\"_blank\">\n\t\t\t\t\t\t<span class=\"elementor-screen-only\">Linkedin<\/span>\n\t\t\t\t\t\t<svg aria-hidden=\"true\" class=\"e-font-icon-svg e-fab-linkedin\" viewbox=\"0 0 448 512\" xmlns=\"http:\/\/www.w3.org\/2000\/svg\"><path d=\"M416 32H31.9C14.3 32 0 46.5 0 64.3v383.4C0 465.5 14.3 480 31.9 480H416c17.6 0 32-14.5 32-32.3V64.3c0-17.8-14.4-32.3-32-32.3zM135.4 416H69V202.2h66.5V416zm-33.2-243c-21.3 0-38.5-17.3-38.5-38.5S80.9 96 102.2 96c21.2 0 38.5 17.3 38.5 38.5 0 21.3-17.2 38.5-38.5 38.5zm282.1 243h-66.4V312c0-24.8-.5-56.7-34.5-56.7-34.6 0-39.9 27-39.9 54.9V416h-66.4V202.2h63.7v29.2h.9c8.9-16.8 30.6-34.5 62.9-34.5 67.2 0 79.7 44.3 79.7 101.9V416z\"><\/path><\/svg>\t\t\t\t\t<\/a>\n\t\t\t\t<\/span>\n\t\t\t\t\t<\/div>\n\t\t\t\t\t\t<\/div>\n\t\t\t\t<\/div>\n\t\t\t\t<\/div>\n\t\t\t\t<div class=\"elementor-element elementor-element-e7dcad3 elementor-widget elementor-widget-text-editor\" data-id=\"e7dcad3\" data-element_type=\"widget\" data-e-type=\"widget\" data-widget_type=\"text-editor.default\">\n\t\t\t\t<div class=\"elementor-widget-container\">\n\t\t\t\t\t\t\t\t\t<div style=\"line-height: 18px;\"><span style=\"font-size: 12px;\"><span style=\"font-weight: bold;\">Marko Ili\u0107 ist CEO und Mitgr\u00fcnder von DataCarrot<\/span>, er verf\u00fcgt \u00fcber umfangreiche Erfahrung in der Entwicklung ma\u00dfgeschneiderter Softwarel\u00f6sungen f\u00fcr gro\u00dfe Versicherungsunternehmen wie Generali \u2013 mit Fokus auf die Optimierung von Systemen f\u00fcr hohe Datenlasten und komplexe Integrationen.\nZuvor entwickelte er Augmented-Reality-Anwendungen und eine MacOS-Erweiterung f\u00fcr WhiteWall, die 2017 auf der Apple WWDC pr\u00e4sentiert wurde \u2013 eine technologische Innovation, die den Kunst- und Interieureinkauf neu definierte.\nDar\u00fcber hinaus ist Marko ausgewiesener Experte f\u00fcr die Entwicklung von Shopify-L\u00f6sungen.<\/span><\/div>\t\t\t\t\t\t\t\t<\/div>\n\t\t\t\t<\/div>\n\t\t\t\t<\/div>\n\t\t<div class=\"elementor-element elementor-element-125c150 e-grid e-con-full e-con e-child\" data-id=\"125c150\" data-element_type=\"container\" data-e-type=\"container\">\n\t\t<div class=\"elementor-element elementor-element-fd51a2c e-con-full e-flex e-con e-child\" data-id=\"fd51a2c\" data-element_type=\"container\" data-e-type=\"container\">\n\t\t\t\t<div class=\"elementor-element elementor-element-e6da27a elementor-widget__width-initial elementor-widget elementor-widget-image\" data-id=\"e6da27a\" data-element_type=\"widget\" data-e-type=\"widget\" data-widget_type=\"image.default\">\n\t\t\t\t<div class=\"elementor-widget-container\">\n\t\t\t\t\t\t\t\t\t\t\t\t\t\t\t<img decoding=\"async\" width=\"225\" height=\"300\" src=\"https:\/\/www.datacarrot.com\/wp-content\/uploads\/2025\/11\/8781b487-c4ad-454e-b721-cd7b16da4c04-1-225x300.jpg\" class=\"attachment-medium size-medium wp-image-7453\" alt=\"\" srcset=\"https:\/\/www.datacarrot.com\/wp-content\/uploads\/2025\/11\/8781b487-c4ad-454e-b721-cd7b16da4c04-1-225x300.jpg 225w, https:\/\/www.datacarrot.com\/wp-content\/uploads\/2025\/11\/8781b487-c4ad-454e-b721-cd7b16da4c04-1-9x12.jpg 9w, https:\/\/www.datacarrot.com\/wp-content\/uploads\/2025\/11\/8781b487-c4ad-454e-b721-cd7b16da4c04-1.jpg 600w\" sizes=\"(max-width: 225px) 100vw, 225px\" \/>\t\t\t\t\t\t\t\t\t\t\t\t\t\t\t<\/div>\n\t\t\t\t<\/div>\n\t\t\t\t<div class=\"elementor-element elementor-element-34089c8 e-grid-align-left elementor-shape-rounded elementor-grid-0 elementor-widget elementor-widget-social-icons\" data-id=\"34089c8\" data-element_type=\"widget\" data-e-type=\"widget\" data-widget_type=\"social-icons.default\">\n\t\t\t\t<div class=\"elementor-widget-container\">\n\t\t\t\t\t\t\t<div class=\"elementor-social-icons-wrapper elementor-grid\">\n\t\t\t\t\t\t\t<span class=\"elementor-grid-item\">\n\t\t\t\t\t<a class=\"elementor-icon elementor-social-icon elementor-social-icon-linkedin elementor-repeater-item-4e5dbb2\" href=\"https:\/\/www.linkedin.com\/in\/matevzgrbec\/\" target=\"_blank\">\n\t\t\t\t\t\t<span class=\"elementor-screen-only\">Linkedin<\/span>\n\t\t\t\t\t\t<svg aria-hidden=\"true\" class=\"e-font-icon-svg e-fab-linkedin\" viewbox=\"0 0 448 512\" xmlns=\"http:\/\/www.w3.org\/2000\/svg\"><path d=\"M416 32H31.9C14.3 32 0 46.5 0 64.3v383.4C0 465.5 14.3 480 31.9 480H416c17.6 0 32-14.5 32-32.3V64.3c0-17.8-14.4-32.3-32-32.3zM135.4 416H69V202.2h66.5V416zm-33.2-243c-21.3 0-38.5-17.3-38.5-38.5S80.9 96 102.2 96c21.2 0 38.5 17.3 38.5 38.5 0 21.3-17.2 38.5-38.5 38.5zm282.1 243h-66.4V312c0-24.8-.5-56.7-34.5-56.7-34.6 0-39.9 27-39.9 54.9V416h-66.4V202.2h63.7v29.2h.9c8.9-16.8 30.6-34.5 62.9-34.5 67.2 0 79.7 44.3 79.7 101.9V416z\"><\/path><\/svg>\t\t\t\t\t<\/a>\n\t\t\t\t<\/span>\n\t\t\t\t\t<\/div>\n\t\t\t\t\t\t<\/div>\n\t\t\t\t<\/div>\n\t\t\t\t<\/div>\n\t\t\t\t<div class=\"elementor-element elementor-element-1ecb77d elementor-widget elementor-widget-text-editor\" data-id=\"1ecb77d\" data-element_type=\"widget\" data-e-type=\"widget\" data-widget_type=\"text-editor.default\">\n\t\t\t\t<div class=\"elementor-widget-container\">\n\t\t\t\t\t\t\t\t\t<div style=\"line-height: 18px;\"><span style=\"font-size: 12px;\"><span style=\"font-weight: bold;\">Matev\u017e Grbec ist CTO und Mitgr\u00fcnder von DataCarrot<\/span>, er leitet die technische Entwicklung und Innovation innerhalb des Unternehmens.\nZuvor war er als Business-Intelligence-Entwickler bei RCL Int. d.o.o. t\u00e4tig und bringt wertvolle Expertise in den Bereichen Datenanalyse und Business Intelligence in seine heutige Rolle ein.<\/span><\/div>\t\t\t\t\t\t\t\t<\/div>\n\t\t\t\t<\/div>\n\t\t\t\t<\/div>\n\t\t\t\t<\/div>\n\t\t\t\t<\/div>\n\t\t\t\t<\/div>\n\t\t<footer class=\"elementor-element elementor-element-f232d64 footer dark-mode bg-dark pt-5 pb-4 pb-lg-5 e-flex e-con-boxed e-con e-parent\" data-id=\"f232d64\" data-element_type=\"container\" data-e-type=\"container\">\n\t\t\t\t\t<div class=\"e-con-inner\">\n\t\t<div class=\"elementor-element elementor-element-637c9a4 e-con-full e-flex e-con e-child\" data-id=\"637c9a4\" data-element_type=\"container\" data-e-type=\"container\">\n\t\t<div class=\"elementor-element elementor-element-8b35883 e-con-full e-flex e-con e-child\" data-id=\"8b35883\" data-element_type=\"container\" data-e-type=\"container\">\n\t\t<div class=\"elementor-element elementor-element-b690a6b col-lg-4 col-md-6 e-con-full e-flex e-con e-child\" data-id=\"b690a6b\" data-element_type=\"container\" data-e-type=\"container\">\n\t\t<div class=\"elementor-element elementor-element-81f5b57 e-con-full e-flex e-con e-child\" data-id=\"81f5b57\" data-element_type=\"container\" data-e-type=\"container\">\n\t\t\t\t<div class=\"elementor-element elementor-element-538b6ec elementor-widget elementor-widget-image\" data-id=\"538b6ec\" data-element_type=\"widget\" data-e-type=\"widget\" data-widget_type=\"image.default\">\n\t\t\t\t<div class=\"elementor-widget-container\">\n\t\t\t\t\t\t\t\t\t\t\t\t\t\t\t<img decoding=\"async\" width=\"768\" height=\"146\" src=\"https:\/\/www.datacarrot.com\/wp-content\/uploads\/2024\/10\/logo_footer-768x146.png\" class=\"attachment-medium_large size-medium_large wp-image-6613\" alt=\"\" srcset=\"https:\/\/www.datacarrot.com\/wp-content\/uploads\/2024\/10\/logo_footer-768x146.png 768w, https:\/\/www.datacarrot.com\/wp-content\/uploads\/2024\/10\/logo_footer-300x57.png 300w, https:\/\/www.datacarrot.com\/wp-content\/uploads\/2024\/10\/logo_footer.png 990w\" sizes=\"(max-width: 768px) 100vw, 768px\" \/>\t\t\t\t\t\t\t\t\t\t\t\t\t\t\t<\/div>\n\t\t\t\t<\/div>\n\t\t\t\t<\/div>\n\t\t\t\t<div class=\"elementor-element elementor-element-e33d1a6 elementor-widget elementor-widget-highlighted-heading\" data-id=\"e33d1a6\" data-element_type=\"widget\" data-e-type=\"widget\" data-widget_type=\"highlighted-heading.default\">\n\t\t\t\t<div class=\"elementor-widget-container\">\n\t\t\t\t\t<p class=\"silicon-elementor-highlighted-heading__title fs-sm pb-lg-3 mb-4 text-light opacity-70\"><span class=\"si-multipurpose-text__before\">Ob Sie bereits eine konkrete Idee oder ein Projekt im Kopf haben oder nicht \u2013 wir freuen uns immer darauf, neue Menschen kennenzulernen und mehr \u00fcber die digitalen Herausforderungen ihrer Organisationen oder ihre Visionen zu erfahren.<\/span><\/p>\t\t\t\t<\/div>\n\t\t\t\t<\/div>\n\t\t\t\t<\/div>\n\t\t<div class=\"elementor-element elementor-element-51b3f3c col-xl-6 col-lg-7 col-md-5 offset-xl-2 offset-md-1 pt-4 pt-md-1 pt-lg-0 e-con-full e-flex e-con e-child\" data-id=\"51b3f3c\" data-element_type=\"container\" data-e-type=\"container\">\n\t\t<div class=\"elementor-element elementor-element-791b459 e-con-full e-flex e-con e-child\" data-id=\"791b459\" data-element_type=\"container\" data-e-type=\"container\">\n\t\t<div class=\"elementor-element elementor-element-afbde70 col-lg-4 col-12 e-con-full e-flex e-con e-child\" data-id=\"afbde70\" data-element_type=\"container\" data-e-type=\"container\">\n\t\t\t\t<div class=\"elementor-element elementor-element-5d1b7d1 elementor-widget elementor-widget-highlighted-heading\" data-id=\"5d1b7d1\" data-element_type=\"widget\" data-e-type=\"widget\" data-widget_type=\"highlighted-heading.default\">\n\t\t\t\t<div class=\"elementor-widget-container\">\n\t\t\t\t\t<h6 class=\"silicon-elementor-highlighted-heading__title mb-2\"><a href=\"#useful-links\" data-bs-toggle=\"collapse\" class=\"text-decoration-none d-block text-dark dropdown-toggle d-lg-none py-2\"><span class=\"si-multipurpose-text__before\">DataCarrot<\/span><\/a><\/h6>\t\t\t\t<\/div>\n\t\t\t\t<\/div>\n\t\t\t\t<div class=\"elementor-element elementor-element-d2462a4 collapse d-lg-block elementor-widget elementor-widget-si-nav-menu\" data-id=\"d2462a4\" data-element_type=\"widget\" data-e-type=\"widget\" data-bs-parent=\"#footer-links\" data-widget_type=\"si-nav-menu.default\">\n\t\t\t\t<div class=\"elementor-widget-container\">\n\t\t\t\t\t\t\t<ul id=\"menu-1-d2462a4\" class=\"nav flex-column pb-lg-1 mb-lg-3\"><li id=\"menu-item-6278\" class=\"menu-item menu-item-type-custom menu-item-object-custom menu-item-6278  nav-item\"><a href=\"https:\/\/www.datacarrot.com\/de\/#about-us\" class=\"nav-link d-inline-block px-0 pt-1 pb-2\">\u00dcber uns<\/a><\/li>\n<li id=\"menu-item-6291\" class=\"menu-item menu-item-type-custom menu-item-object-custom menu-item-6291  nav-item\"><a href=\"https:\/\/www.datacarrot.com\/de\/#customers\" class=\"nav-link d-inline-block px-0 pt-1 pb-2\">Kunden<\/a><\/li>\n<li id=\"menu-item-6292\" class=\"menu-item menu-item-type-custom menu-item-object-custom menu-item-6292  nav-item\"><a href=\"https:\/\/www.datacarrot.com\/de\/#services\" class=\"nav-link d-inline-block px-0 pt-1 pb-2\">Leistungen<\/a><\/li>\n<li id=\"menu-item-6293\" class=\"menu-item menu-item-type-custom menu-item-object-custom menu-item-6293  nav-item\"><a href=\"https:\/\/www.datacarrot.com\/de\/#projects\" class=\"nav-link d-inline-block px-0 pt-1 pb-2\">Ausgew\u00e4hlte Projekte<\/a><\/li>\n<\/ul>\t\t\t\t\t\t<\/div>\n\t\t\t\t<\/div>\n\t\t\t\t<\/div>\n\t\t<div class=\"elementor-element elementor-element-2c591b4 col-xl-4 col-lg-5 pt-2 pt-lg-0 col-12 e-con-full e-flex e-con e-child\" data-id=\"2c591b4\" data-element_type=\"container\" data-e-type=\"container\">\n\t\t\t\t<div class=\"elementor-element elementor-element-6fddef2 elementor-widget__width-initial elementor-widget elementor-widget-highlighted-heading\" data-id=\"6fddef2\" data-element_type=\"widget\" data-e-type=\"widget\" data-widget_type=\"highlighted-heading.default\">\n\t\t\t\t<div class=\"elementor-widget-container\">\n\t\t\t\t\t<h6 class=\"silicon-elementor-highlighted-heading__title mb-2\"><span class=\"si-multipurpose-text__before\">Kontakt<\/span><\/h6>\t\t\t\t<\/div>\n\t\t\t\t<\/div>\n\t\t\t\t<div class=\"elementor-element elementor-element-b881adf elementor-widget__width-initial elementor-widget elementor-widget-highlighted-heading\" data-id=\"b881adf\" data-element_type=\"widget\" data-e-type=\"widget\" data-widget_type=\"highlighted-heading.default\">\n\t\t\t\t<div class=\"elementor-widget-container\">\n\t\t\t\t\t<div class=\"silicon-elementor-highlighted-heading__title mb-2\"><span class=\"si-multipurpose-text__before\">DataCarrot UG<br><br><\/span><span class=\"silicon-elementor-highlighted-heading__highlighted-text\">Wilmersdorfer Stra\u00dfe 128<br><\/span><span class=\"si-multipurpose-text__before\">10627 Berlin | Germany<\/span><\/div>\t\t\t\t<\/div>\n\t\t\t\t<\/div>\n\t\t\t\t<div class=\"elementor-element elementor-element-a0fc90e elementor-widget elementor-widget-highlighted-heading\" data-id=\"a0fc90e\" data-element_type=\"widget\" data-e-type=\"widget\" data-widget_type=\"highlighted-heading.default\">\n\t\t\t\t<div class=\"elementor-widget-container\">\n\t\t\t\t\t<span class=\"silicon-elementor-highlighted-heading__title fw-medium fmail\"><a href=\"mailto:info@datacarrot.com\" class=\"text-decoration-none\"><span class=\"si-multipurpose-text__before\">E-Mail: <\/span><span class=\"silicon-elementor-highlighted-heading__highlighted-text\">info@datacarrot.com<\/span><\/a><\/span>\t\t\t\t<\/div>\n\t\t\t\t<\/div>\n\t\t\t\t<div class=\"elementor-element elementor-element-948b211 elementor-widget elementor-widget-highlighted-heading\" data-id=\"948b211\" data-element_type=\"widget\" data-e-type=\"widget\" data-widget_type=\"highlighted-heading.default\">\n\t\t\t\t<div class=\"elementor-widget-container\">\n\t\t\t\t\t<span class=\"silicon-elementor-highlighted-heading__title fw-medium\"><a href=\"\/de\/imprint\/\" class=\"text-decoration-none\"><span class=\"si-multipurpose-text__before\"><br><\/span><span class=\"silicon-elementor-highlighted-heading__highlighted-text\">Impressum<\/span><\/a><\/span>\t\t\t\t<\/div>\n\t\t\t\t<\/div>\n\t\t\t\t<div class=\"elementor-element elementor-element-0cf49c7 elementor-widget elementor-widget-highlighted-heading\" data-id=\"0cf49c7\" data-element_type=\"widget\" data-e-type=\"widget\" data-widget_type=\"highlighted-heading.default\">\n\t\t\t\t<div class=\"elementor-widget-container\">\n\t\t\t\t\t<span class=\"silicon-elementor-highlighted-heading__title fw-medium\"><a href=\"\/de\/privacy-policy\/\" class=\"text-decoration-none\"><span class=\"si-multipurpose-text__before\"><br><\/span><span class=\"silicon-elementor-highlighted-heading__highlighted-text\">Datenschutzerkl\u00e4rung<\/span><\/a><\/span>\t\t\t\t<\/div>\n\t\t\t\t<\/div>\n\t\t\t\t<div class=\"elementor-element elementor-element-46e6d51 elementor-shape-square e-grid-align-left elementor-grid-0 elementor-widget elementor-widget-social-icons\" data-id=\"46e6d51\" data-element_type=\"widget\" data-e-type=\"widget\" data-widget_type=\"social-icons.default\">\n\t\t\t\t<div class=\"elementor-widget-container\">\n\t\t\t\t\t\t\t<div class=\"elementor-social-icons-wrapper elementor-grid\">\n\t\t\t\t\t\t\t<span class=\"elementor-grid-item\">\n\t\t\t\t\t<a class=\"elementor-icon elementor-social-icon elementor-social-icon-linkedin elementor-repeater-item-a340fc6\" href=\"https:\/\/www.linkedin.com\/company\/datacarrot\/\" target=\"_blank\">\n\t\t\t\t\t\t<span class=\"elementor-screen-only\">Linkedin<\/span>\n\t\t\t\t\t\t<svg aria-hidden=\"true\" class=\"e-font-icon-svg e-fab-linkedin\" viewbox=\"0 0 448 512\" xmlns=\"http:\/\/www.w3.org\/2000\/svg\"><path d=\"M416 32H31.9C14.3 32 0 46.5 0 64.3v383.4C0 465.5 14.3 480 31.9 480H416c17.6 0 32-14.5 32-32.3V64.3c0-17.8-14.4-32.3-32-32.3zM135.4 416H69V202.2h66.5V416zm-33.2-243c-21.3 0-38.5-17.3-38.5-38.5S80.9 96 102.2 96c21.2 0 38.5 17.3 38.5 38.5 0 21.3-17.2 38.5-38.5 38.5zm282.1 243h-66.4V312c0-24.8-.5-56.7-34.5-56.7-34.6 0-39.9 27-39.9 54.9V416h-66.4V202.2h63.7v29.2h.9c8.9-16.8 30.6-34.5 62.9-34.5 67.2 0 79.7 44.3 79.7 101.9V416z\"><\/path><\/svg>\t\t\t\t\t<\/a>\n\t\t\t\t<\/span>\n\t\t\t\t\t<\/div>\n\t\t\t\t\t\t<\/div>\n\t\t\t\t<\/div>\n\t\t\t\t<\/div>\n\t\t\t\t<\/div>\n\t\t\t\t<\/div>\n\t\t\t\t<\/div>\n\t\t\t\t<\/div>\n\t\t\t\t\t<\/div>\n\t\t\t\t<\/footer>\n\t\t\t\t<\/div>","protected":false},"excerpt":{"rendered":"<p>About the Team Linkedin Marko Ilic is the CEO and co-founder of Datacarrot, with a background in developing custom software for major insurance firms like Generali, optimizing systems for high data loads and integrations. Previously, he created AR apps and a Mac OS extension for WhiteWall, showcased at Apple\u2019s WWDC 2017, enhancing art decor purchases [&hellip;]<\/p>\n","protected":false},"author":1,"featured_media":0,"parent":0,"menu_order":0,"comment_status":"closed","ping_status":"closed","template":"","meta":{"_acf_changed":false,"footnotes":""},"class_list":["post-6964","page","type-page","status-publish","hentry"],"acf":[],"_links":{"self":[{"href":"https:\/\/www.datacarrot.com\/de\/wp-json\/wp\/v2\/pages\/6964","targetHints":{"allow":["GET"]}}],"collection":[{"href":"https:\/\/www.datacarrot.com\/de\/wp-json\/wp\/v2\/pages"}],"about":[{"href":"https:\/\/www.datacarrot.com\/de\/wp-json\/wp\/v2\/types\/page"}],"author":[{"embeddable":true,"href":"https:\/\/www.datacarrot.com\/de\/wp-json\/wp\/v2\/users\/1"}],"replies":[{"embeddable":true,"href":"https:\/\/www.datacarrot.com\/de\/wp-json\/wp\/v2\/comments?post=6964"}],"version-history":[{"count":181,"href":"https:\/\/www.datacarrot.com\/de\/wp-json\/wp\/v2\/pages\/6964\/revisions"}],"predecessor-version":[{"id":7643,"href":"https:\/\/www.datacarrot.com\/de\/wp-json\/wp\/v2\/pages\/6964\/revisions\/7643"}],"wp:attachment":[{"href":"https:\/\/www.datacarrot.com\/de\/wp-json\/wp\/v2\/media?parent=6964"}],"curies":[{"name":"wp","href":"https:\/\/api.w.org\/{rel}","templated":true}]}}