{"id":3,"date":"2024-09-29T15:32:59","date_gmt":"2024-09-29T15:32:59","guid":{"rendered":"http:\/\/datacarrot.com\/?page_id=3"},"modified":"2025-04-09T20:22:50","modified_gmt":"2025-04-09T20:22:50","slug":"privacy-policy","status":"publish","type":"page","link":"https:\/\/www.datacarrot.com\/de\/privacy-policy\/","title":{"rendered":"Datenschutzerkl\u00e4rung"},"content":{"rendered":"<div data-elementor-type=\"wp-page\" data-elementor-id=\"3\" class=\"elementor elementor-3\">\n\t\t\t\t<div class=\"elementor-element elementor-element-3f25fcaa e-flex e-con-boxed e-con e-parent\" data-id=\"3f25fcaa\" data-element_type=\"container\" data-e-type=\"container\">\n\t\t\t\t\t<div class=\"e-con-inner\">\n\t\t\t\t<div class=\"elementor-element elementor-element-66961252 elementor-widget elementor-widget-text-editor\" data-id=\"66961252\" data-element_type=\"widget\" data-e-type=\"widget\" data-widget_type=\"text-editor.default\">\n\t\t\t\t<div class=\"elementor-widget-container\">\n\t\t\t\t\t\t\t\t\t\n<h2 class=\"wp-block-heading\">Wer wir sind<\/h2>\n\n<p>Status: August 2024<br \/><br \/>Diese Datenschutzerkl\u00e4rung informiert Sie dar\u00fcber, wie wir Ihre personenbezogenen Daten im Rahmen der Nutzung der Website https:\/\/datacarrot.com\/ (\u201eWebsite\u201c) verarbeiten.<strong>Website<\/strong>\u201d).<\/p>\n\n<p>\u00a0<\/p>\n\n<h2 class=\"wp-block-heading\">Allgemeines<\/h2>\n\n<p class=\"translation-block\">Controller for the purposes of the General Data Protection Regulation (\u201c<strong>GDPR<\/strong>\u201d) regarding the processing of personal data in the context of the Services is DataCarrot UG, Wilmersdorfer Stra\u00dfe 128, 10627 Berlin, Germany (\u201e<strong>DataCarrot<\/strong>\u201c, \u201c<strong>we<\/strong>\u201d, \u201c<strong>us<\/strong>\u201d or \u201c<strong>our<\/strong>\u201d). By means of this Policy, we would like to explain to you which data we collect in the context of our Services, for which purposes and how we use (\u201c<strong>Use<\/strong>\u201d) those data, and which rights you have. Please note that our Services may contain links to other providers\u2019 websites whose content we do not control, and which are not subject to this Privacy Policy.<\/p>\n\n<h2 class=\"wp-block-heading\">Daten, die wir erheben, verarbeiten und nutzen<\/h2>\n\n<p>Wir verarbeiten Ihre personenbezogenen Daten nur, soweit dies zur Bereitstellung einer funktionsf\u00e4higen Website, unserer Inhalte und Services erforderlich ist.<\/p>\n\n<h3 class=\"wp-block-heading\">Besuch unserer Website<\/h3>\n\n<p>Die Nutzung unserer Services ist grunds\u00e4tzlich ohne Angabe personenbezogener Daten m\u00f6glich.\n\nWie bei den meisten Websites erfassen unsere Systeme jedoch automatisch jeden Zugriff auf unsere Website und speichern diese Informationen tempor\u00e4r in sogenannten Logfiles. Zu den dabei erfassten Daten z\u00e4hlen insbesondere:<\/p>\n<ul role=\"list\">\n<li>IP-Adresse des zugreifenden Rechners<\/li>\n<li>Name und URL der aufgerufenen Datei<\/li>\n<li>Datum und Uhrzeit des Zugriffs<\/li>\n<li>Zugriffsstatus\/HTTP-Statuscode<\/li>\n<li>\u00dcbertragene Datenmenge je \u00dcbertragung<\/li>\n<li>Browser-Kennung (User-Agent)<\/li>\n<\/ul>\n<h3>Kontaktaufnahme<\/h3>\n\n<p>Unsere Services bieten die M\u00f6glichkeit, \u00fcber E-Mail mit uns in Kontakt zu treten. Wenn Sie uns per E-Mail kontaktieren oder eine Anfrage senden, speichern wir die von Ihnen \u00fcbermittelten personenbezogenen Daten.\n\nDie Angabe personenbezogener Daten ist freiwillig; wir verarbeiten nur die Daten, die Sie uns selbst \u00fcbermitteln.\n\nDie Verarbeitung erfolgt ausschlie\u00dflich zur Bearbeitung Ihrer Anfrage. Rechtsgrundlage ist Art. 6 Abs. 1 S. 1 lit. f DSGVO (berechtigtes Interesse). Unser berechtigtes Interesse ergibt sich daraus, dass wir Ihre Anfrage nur durch Verarbeitung Ihrer personenbezogenen Daten beantworten k\u00f6nnen.\n\nErfolgt die Kontaktaufnahme mit dem Ziel einer m\u00f6glichen Gesch\u00e4ftsbeziehung, st\u00fctzt sich die Verarbeitung zus\u00e4tzlich auf Art. 6 Abs. 1 S. 1 lit. b DSGVO (Vertrag oder vorvertragliche Ma\u00dfnahmen).<\/p>\n\n<h3 class=\"wp-block-heading\">Projektregistrierung (\u201eLet\u2019s Talk\u201c-Formular)<\/h3>\n\n<p>Sie k\u00f6nnen \u00fcber unser Kontaktformular \u201eLet\u2019s Talk\u201c mit uns ein Projekt starten. Dabei erheben wir personenbezogene Daten wie Name, E-Mail-Adresse, Firmenname (optional), Telefonnummer (optional) und Angaben dazu, wie Sie auf uns aufmerksam wurden.\n\nDie Angaben werden nicht an Dritte weitergegeben. Rechtsgrundlage ist Art. 6 Abs. 1 S. 1 lit. f DSGVO (berechtigtes Interesse). Unser Interesse besteht in der Kommunikation mit Ihnen \u00fcber Ihr Projekt.\n\nBei Anbahnung einer Gesch\u00e4ftsbeziehung ist erg\u00e4nzend Art. 6 Abs. 1 S. 1 lit. b DSGVO einschl\u00e4gig.<\/p>\n\n<h3 class=\"wp-block-heading\">Cookies<\/h3>\n\n<p>Unsere Services verwenden Cookies. Dabei handelt es sich um kleine Textdateien, die in Ihrem Browser zur technischen Sitzungssteuerung gespeichert werden.\n\nSie erleichtern die Navigation auf der Website und erm\u00f6glichen eine anonyme Analyse des Nutzerverhaltens zur Optimierung unseres Webangebots. Die durch Cookies erfassten Daten sind nicht personenbezogen.\n\nWir verwenden folgende Arten von Cookies:\n\nTransiente \/ Session-Cookies: werden automatisch beim Schlie\u00dfen des Browsers gel\u00f6scht.\n\nPersistente \/ Einstellungs-Cookies: speichern Informationen \u00fcber eine l\u00e4ngere Zeitspanne und werden automatisch nach Ablauf gel\u00f6scht.\n\nAnalyse-Cookies: erm\u00f6glichen die Analyse des Nutzerverhaltens.\n\nDie meisten Browser akzeptieren Cookies automatisch. Sie k\u00f6nnen Ihre Browsereinstellungen jedoch so anpassen, dass keine Cookies gespeichert werden oder eine Warnung erscheint, bevor ein Cookie gesetzt wird. Bitte beachten Sie, dass dadurch die Funktionalit\u00e4t der Website eingeschr\u00e4nkt sein kann.\n\nRechtsgrundlage: Art. 6 Abs. 1 S. 1 lit. f DSGVO (berechtigtes Interesse an Usability &amp; Analyse).\n\nZum Cookie-Management gelangen Sie \u00fcber den entsprechenden Hinweis auf unserer Website.<\/p>\n\n<h2 class=\"wp-block-heading\">Dritte und technische Umsetzung durch Subunternehmer<\/h2>\n\n<p>Personenbezogene Daten werden ohne Ihre Einwilligung nicht an Dritte weitergegeben \u2013 au\u00dfer in den in dieser Datenschutzerkl\u00e4rung genannten F\u00e4llen oder sofern gesetzlich vorgeschrieben (z.\u202fB. gegen\u00fcber Beh\u00f6rden, Art. 6 Abs. 1 S. 1 lit. c DSGVO).\n\nWir setzen externe Dienstleister f\u00fcr den Betrieb der Website ein (z.\u202fB. Hosting, Kontaktformular). Diese verarbeiten personenbezogene Daten ausschlie\u00dflich gem\u00e4\u00df unserer Weisung (Auftragsverarbeitung nach Art. 28 DSGVO).\n\nRechtsgrundlage: Art. 6 Abs. 1 S. 1 lit. b DSGVO (Vertrag\/Vorvertrag) sowie Art. 28 DSGVO.<\/p>\n<h2>Speicherdauer Ihrer personenbezogenen Daten<\/h2>\n<p>Sofern in dieser Datenschutzerkl\u00e4rung keine anderen Fristen angegeben sind, speichern wir Ihre Daten nur so lange, wie es f\u00fcr die Bearbeitung Ihrer Anfrage oder Nutzung unserer Services erforderlich ist.\n\nIm Anschluss werden die Daten nur noch im Rahmen gesetzlicher Aufbewahrungsfristen gespeichert \u2013 und nicht weiterverarbeitet.<\/p>\n<h2>Ihre Rechte<\/h2>\n<p>Sie haben jederzeit das Recht, Auskunft \u00fcber Ihre bei uns gespeicherten personenbezogenen Daten zu verlangen.\n\nUnter den gesetzlichen Voraussetzungen haben Sie au\u00dferdem ein Recht auf Berichtigung, L\u00f6schung, Einschr\u00e4nkung der Verarbeitung sowie ein Widerspruchsrecht gegen die Verarbeitung.\n\nWenn Sie eine Einwilligung zur Datenverarbeitung erteilt haben, k\u00f6nnen Sie diese jederzeit mit Wirkung f\u00fcr die Zukunft widerrufen.\n\nZudem steht Ihnen bei datenschutzrechtlichen Verst\u00f6\u00dfen ein Beschwerderecht bei der zust\u00e4ndigen Aufsichtsbeh\u00f6rde zu.\u00a0<strong>to object the processing of your personal data<\/strong>. If you have given your consent to the use of personal data, you can revoke such consent at any time (for the future). If you believe that the processing of your personal data by us is in breach of the applicable data protection laws, you can issue a complaint with the competent supervisory authority for data protection.<\/p>\n<h2>Kontaktaufnahme<\/h2>\n<h2>Datensicherheit<\/h2>\n<p>Wir treffen aktuelle technische und organisatorische Ma\u00dfnahmen zum Schutz Ihrer Daten, insbesondere vor unbefugtem Zugriff durch Dritte und bei der \u00dcbertragung sensibler Informationen.\nDiese Schutzma\u00dfnahmen werden regelm\u00e4\u00dfig an den Stand der Technik angepasst.<\/p>\n<h2>\u00c4nderungen<\/h2>\n<p>Diese Datenschutzerkl\u00e4rung kann sich gelegentlich \u00e4ndern, zum Beispiel bei Weiterentwicklungen unserer Services oder rechtlichen Anpassungen.\n\nWir behalten uns vor, die Datenschutzerkl\u00e4rung jederzeit mit Wirkung f\u00fcr die Zukunft zu \u00e4ndern. Bitte lesen Sie diese Erkl\u00e4rung daher regelm\u00e4\u00dfig erneut.<\/p>\n\n<p>\u00a0<\/p>\t\t\t\t\t\t\t\t<\/div>\n\t\t\t\t<\/div>\n\t\t\t\t\t<\/div>\n\t\t\t\t<\/div>\n\t\t<footer class=\"elementor-element elementor-element-7df77b0 footer dark-mode bg-dark pt-5 pb-4 pb-lg-5 e-flex e-con-boxed e-con e-parent\" data-id=\"7df77b0\" data-element_type=\"container\" data-e-type=\"container\">\n\t\t\t\t\t<div class=\"e-con-inner\">\n\t\t<div class=\"elementor-element elementor-element-a563ac6 e-con-full e-flex e-con e-child\" data-id=\"a563ac6\" data-element_type=\"container\" data-e-type=\"container\">\n\t\t<div class=\"elementor-element elementor-element-82f98eb e-con-full e-flex e-con e-child\" data-id=\"82f98eb\" data-element_type=\"container\" data-e-type=\"container\">\n\t\t<div class=\"elementor-element elementor-element-f836a3b col-lg-4 col-md-6 e-con-full e-flex e-con e-child\" data-id=\"f836a3b\" data-element_type=\"container\" data-e-type=\"container\">\n\t\t<div class=\"elementor-element elementor-element-b211779 e-con-full e-flex e-con e-child\" data-id=\"b211779\" data-element_type=\"container\" data-e-type=\"container\">\n\t\t\t\t<div class=\"elementor-element elementor-element-29a92ec elementor-widget elementor-widget-image\" data-id=\"29a92ec\" data-element_type=\"widget\" data-e-type=\"widget\" data-widget_type=\"image.default\">\n\t\t\t\t<div class=\"elementor-widget-container\">\n\t\t\t\t\t\t\t\t\t\t\t\t\t\t\t<img fetchpriority=\"high\" decoding=\"async\" width=\"768\" height=\"146\" src=\"https:\/\/www.datacarrot.com\/wp-content\/uploads\/2024\/10\/logo_footer-768x146.png\" class=\"attachment-medium_large size-medium_large wp-image-6613\" alt=\"\" srcset=\"https:\/\/www.datacarrot.com\/wp-content\/uploads\/2024\/10\/logo_footer-768x146.png 768w, https:\/\/www.datacarrot.com\/wp-content\/uploads\/2024\/10\/logo_footer-300x57.png 300w, https:\/\/www.datacarrot.com\/wp-content\/uploads\/2024\/10\/logo_footer.png 990w\" sizes=\"(max-width: 768px) 100vw, 768px\" \/>\t\t\t\t\t\t\t\t\t\t\t\t\t\t\t<\/div>\n\t\t\t\t<\/div>\n\t\t\t\t<\/div>\n\t\t\t\t<div class=\"elementor-element elementor-element-2519697 elementor-widget elementor-widget-highlighted-heading\" data-id=\"2519697\" data-element_type=\"widget\" data-e-type=\"widget\" data-widget_type=\"highlighted-heading.default\">\n\t\t\t\t<div class=\"elementor-widget-container\">\n\t\t\t\t\t<p class=\"silicon-elementor-highlighted-heading__title fs-sm pb-lg-3 mb-4 text-light opacity-70\"><span class=\"si-multipurpose-text__before\">Ob Sie bereits eine konkrete Idee oder ein Projekt im Kopf haben oder nicht \u2013 wir freuen uns immer darauf, neue Menschen kennenzulernen und mehr \u00fcber die digitalen Herausforderungen ihrer Organisationen oder ihre Visionen zu erfahren.<\/span><\/p>\t\t\t\t<\/div>\n\t\t\t\t<\/div>\n\t\t\t\t<\/div>\n\t\t<div class=\"elementor-element elementor-element-1c46742 col-xl-6 col-lg-7 col-md-5 offset-xl-2 offset-md-1 pt-4 pt-md-1 pt-lg-0 e-con-full e-flex e-con e-child\" data-id=\"1c46742\" data-element_type=\"container\" data-e-type=\"container\">\n\t\t<div class=\"elementor-element elementor-element-1d0bfa4 e-con-full e-flex e-con e-child\" data-id=\"1d0bfa4\" data-element_type=\"container\" data-e-type=\"container\">\n\t\t<div class=\"elementor-element elementor-element-e2860dc col-lg-4 col-12 e-con-full e-flex e-con e-child\" data-id=\"e2860dc\" data-element_type=\"container\" data-e-type=\"container\">\n\t\t\t\t<div class=\"elementor-element elementor-element-69d0ad2 elementor-widget elementor-widget-highlighted-heading\" data-id=\"69d0ad2\" data-element_type=\"widget\" data-e-type=\"widget\" data-widget_type=\"highlighted-heading.default\">\n\t\t\t\t<div class=\"elementor-widget-container\">\n\t\t\t\t\t<h6 class=\"silicon-elementor-highlighted-heading__title mb-2\"><a href=\"#useful-links\" data-bs-toggle=\"collapse\" class=\"text-decoration-none d-block text-dark dropdown-toggle d-lg-none py-2\"><span class=\"si-multipurpose-text__before\">DataCarrot<\/span><\/a><\/h6>\t\t\t\t<\/div>\n\t\t\t\t<\/div>\n\t\t\t\t<div class=\"elementor-element elementor-element-98aac02 collapse d-lg-block elementor-widget elementor-widget-si-nav-menu\" data-id=\"98aac02\" data-element_type=\"widget\" data-e-type=\"widget\" data-bs-parent=\"#footer-links\" data-widget_type=\"si-nav-menu.default\">\n\t\t\t\t<div class=\"elementor-widget-container\">\n\t\t\t\t\t\t\t<ul id=\"menu-1-98aac02\" class=\"nav flex-column pb-lg-1 mb-lg-3\"><li id=\"menu-item-6278\" class=\"menu-item menu-item-type-custom menu-item-object-custom menu-item-6278  nav-item\"><a href=\"https:\/\/www.datacarrot.com\/de\/#about-us\" class=\"nav-link d-inline-block px-0 pt-1 pb-2\">\u00dcber uns<\/a><\/li>\n<li id=\"menu-item-6291\" class=\"menu-item menu-item-type-custom menu-item-object-custom menu-item-6291  nav-item\"><a href=\"https:\/\/www.datacarrot.com\/de\/#customers\" class=\"nav-link d-inline-block px-0 pt-1 pb-2\">Kunden<\/a><\/li>\n<li id=\"menu-item-6292\" class=\"menu-item menu-item-type-custom menu-item-object-custom menu-item-6292  nav-item\"><a href=\"https:\/\/www.datacarrot.com\/de\/#services\" class=\"nav-link d-inline-block px-0 pt-1 pb-2\">Leistungen<\/a><\/li>\n<li id=\"menu-item-6293\" class=\"menu-item menu-item-type-custom menu-item-object-custom menu-item-6293  nav-item\"><a href=\"https:\/\/www.datacarrot.com\/de\/#projects\" class=\"nav-link d-inline-block px-0 pt-1 pb-2\">Ausgew\u00e4hlte Projekte<\/a><\/li>\n<\/ul>\t\t\t\t\t\t<\/div>\n\t\t\t\t<\/div>\n\t\t\t\t<\/div>\n\t\t<div class=\"elementor-element elementor-element-2762e9a col-xl-4 col-lg-5 pt-2 pt-lg-0 col-12 e-con-full e-flex e-con e-child\" data-id=\"2762e9a\" data-element_type=\"container\" data-e-type=\"container\">\n\t\t\t\t<div class=\"elementor-element elementor-element-73992b9 elementor-widget__width-initial elementor-widget elementor-widget-highlighted-heading\" data-id=\"73992b9\" data-element_type=\"widget\" data-e-type=\"widget\" data-widget_type=\"highlighted-heading.default\">\n\t\t\t\t<div class=\"elementor-widget-container\">\n\t\t\t\t\t<h6 class=\"silicon-elementor-highlighted-heading__title mb-2\"><span class=\"si-multipurpose-text__before\">Kontakt<\/span><\/h6>\t\t\t\t<\/div>\n\t\t\t\t<\/div>\n\t\t\t\t<div class=\"elementor-element elementor-element-96f8b98 elementor-widget__width-initial elementor-widget elementor-widget-highlighted-heading\" data-id=\"96f8b98\" data-element_type=\"widget\" data-e-type=\"widget\" data-widget_type=\"highlighted-heading.default\">\n\t\t\t\t<div class=\"elementor-widget-container\">\n\t\t\t\t\t<div class=\"silicon-elementor-highlighted-heading__title mb-2\"><span class=\"si-multipurpose-text__before\">DataCarrot UG<br><br><\/span><span class=\"silicon-elementor-highlighted-heading__highlighted-text\">Wilmersdorfer Stra\u00dfe 128<br><\/span><span class=\"si-multipurpose-text__before\">10627 Berlin | Germany<\/span><\/div>\t\t\t\t<\/div>\n\t\t\t\t<\/div>\n\t\t\t\t<div class=\"elementor-element elementor-element-131d59e elementor-widget elementor-widget-highlighted-heading\" data-id=\"131d59e\" data-element_type=\"widget\" data-e-type=\"widget\" data-widget_type=\"highlighted-heading.default\">\n\t\t\t\t<div class=\"elementor-widget-container\">\n\t\t\t\t\t<span class=\"silicon-elementor-highlighted-heading__title fw-medium fmail\"><a href=\"mailto:info@datacarrot.com\" class=\"text-decoration-none\"><span class=\"si-multipurpose-text__before\">E-Mail: <\/span><span class=\"silicon-elementor-highlighted-heading__highlighted-text\">info@datacarrot.com<\/span><\/a><\/span>\t\t\t\t<\/div>\n\t\t\t\t<\/div>\n\t\t\t\t<div class=\"elementor-element elementor-element-d32d86a elementor-widget elementor-widget-highlighted-heading\" data-id=\"d32d86a\" data-element_type=\"widget\" data-e-type=\"widget\" data-widget_type=\"highlighted-heading.default\">\n\t\t\t\t<div class=\"elementor-widget-container\">\n\t\t\t\t\t<span class=\"silicon-elementor-highlighted-heading__title fw-medium\"><a href=\"\/de\/imprint\/\" class=\"text-decoration-none\"><span class=\"si-multipurpose-text__before\"><br><\/span><span class=\"silicon-elementor-highlighted-heading__highlighted-text\">Impressum<\/span><\/a><\/span>\t\t\t\t<\/div>\n\t\t\t\t<\/div>\n\t\t\t\t<div class=\"elementor-element elementor-element-089f899 elementor-widget elementor-widget-highlighted-heading\" data-id=\"089f899\" data-element_type=\"widget\" data-e-type=\"widget\" data-widget_type=\"highlighted-heading.default\">\n\t\t\t\t<div class=\"elementor-widget-container\">\n\t\t\t\t\t<span class=\"silicon-elementor-highlighted-heading__title fw-medium\"><a href=\"\/de\/privacy-policy\/\" class=\"text-decoration-none\"><span class=\"si-multipurpose-text__before\"><br><\/span><span class=\"silicon-elementor-highlighted-heading__highlighted-text\">Datenschutzerkl\u00e4rung<\/span><\/a><\/span>\t\t\t\t<\/div>\n\t\t\t\t<\/div>\n\t\t\t\t<div class=\"elementor-element elementor-element-b675174 elementor-shape-square e-grid-align-left elementor-grid-0 elementor-widget elementor-widget-social-icons\" data-id=\"b675174\" data-element_type=\"widget\" data-e-type=\"widget\" data-widget_type=\"social-icons.default\">\n\t\t\t\t<div class=\"elementor-widget-container\">\n\t\t\t\t\t\t\t<div class=\"elementor-social-icons-wrapper elementor-grid\">\n\t\t\t\t\t\t\t<span class=\"elementor-grid-item\">\n\t\t\t\t\t<a class=\"elementor-icon elementor-social-icon elementor-social-icon-linkedin elementor-repeater-item-fa8efa0\" href=\"https:\/\/www.linkedin.com\/company\/datacarrot\/\" target=\"_blank\">\n\t\t\t\t\t\t<span class=\"elementor-screen-only\">Linkedin<\/span>\n\t\t\t\t\t\t<svg aria-hidden=\"true\" class=\"e-font-icon-svg e-fab-linkedin\" viewbox=\"0 0 448 512\" xmlns=\"http:\/\/www.w3.org\/2000\/svg\"><path d=\"M416 32H31.9C14.3 32 0 46.5 0 64.3v383.4C0 465.5 14.3 480 31.9 480H416c17.6 0 32-14.5 32-32.3V64.3c0-17.8-14.4-32.3-32-32.3zM135.4 416H69V202.2h66.5V416zm-33.2-243c-21.3 0-38.5-17.3-38.5-38.5S80.9 96 102.2 96c21.2 0 38.5 17.3 38.5 38.5 0 21.3-17.2 38.5-38.5 38.5zm282.1 243h-66.4V312c0-24.8-.5-56.7-34.5-56.7-34.6 0-39.9 27-39.9 54.9V416h-66.4V202.2h63.7v29.2h.9c8.9-16.8 30.6-34.5 62.9-34.5 67.2 0 79.7 44.3 79.7 101.9V416z\"><\/path><\/svg>\t\t\t\t\t<\/a>\n\t\t\t\t<\/span>\n\t\t\t\t\t<\/div>\n\t\t\t\t\t\t<\/div>\n\t\t\t\t<\/div>\n\t\t\t\t<\/div>\n\t\t\t\t<\/div>\n\t\t\t\t<\/div>\n\t\t\t\t<\/div>\n\t\t\t\t<\/div>\n\t\t\t\t\t<\/div>\n\t\t\t\t<\/footer>\n\t\t\t\t<\/div>","protected":false},"excerpt":{"rendered":"<p>Who we are Status: August 2024 This Privacy Policy contains information about how we process your personal data in the context of the website https:\/\/datacarrot.com\/ (the \u201cWebsite\u201d). \u00a0 General Controller for the purposes of the General Data Protection Regulation (\u201cGDPR\u201d) regarding the processing of personal data in the context of the Services is DataCarrot UG, [&hellip;]<\/p>\n","protected":false},"author":1,"featured_media":0,"parent":0,"menu_order":0,"comment_status":"closed","ping_status":"open","template":"","meta":{"_acf_changed":false,"footnotes":""},"class_list":["post-3","page","type-page","status-publish","hentry"],"acf":[],"_links":{"self":[{"href":"https:\/\/www.datacarrot.com\/de\/wp-json\/wp\/v2\/pages\/3","targetHints":{"allow":["GET"]}}],"collection":[{"href":"https:\/\/www.datacarrot.com\/de\/wp-json\/wp\/v2\/pages"}],"about":[{"href":"https:\/\/www.datacarrot.com\/de\/wp-json\/wp\/v2\/types\/page"}],"author":[{"embeddable":true,"href":"https:\/\/www.datacarrot.com\/de\/wp-json\/wp\/v2\/users\/1"}],"replies":[{"embeddable":true,"href":"https:\/\/www.datacarrot.com\/de\/wp-json\/wp\/v2\/comments?post=3"}],"version-history":[{"count":36,"href":"https:\/\/www.datacarrot.com\/de\/wp-json\/wp\/v2\/pages\/3\/revisions"}],"predecessor-version":[{"id":7287,"href":"https:\/\/www.datacarrot.com\/de\/wp-json\/wp\/v2\/pages\/3\/revisions\/7287"}],"wp:attachment":[{"href":"https:\/\/www.datacarrot.com\/de\/wp-json\/wp\/v2\/media?parent=3"}],"curies":[{"name":"wp","href":"https:\/\/api.w.org\/{rel}","templated":true}]}}